{"id":1424,"date":"2024-09-26T09:42:48","date_gmt":"2024-09-26T09:42:48","guid":{"rendered":"http:\/\/ferosfurniture.com\/de\/?page_id=1424"},"modified":"2025-12-18T08:42:57","modified_gmt":"2025-12-18T08:42:57","slug":"home","status":"publish","type":"page","link":"https:\/\/ferosfurniture.com\/de\/","title":{"rendered":"Home"},"content":{"rendered":"<div class=\"theme-hero theme-wrapper\">\n    <div class=\"theme-hero-image \"> \n        <img decoding=\"async\" src=\"https:\/\/ferosfurniture.com\/de\/wp-content\/uploads\/sites\/2\/2024\/09\/louis-mundo-chairs-atmosphere_web.webp\" loading=\"lazy\" alt=\"Hero afbeelding\">\n    <\/div>\n        <div class=\"container\">\n        <div class=\"row\">\n            <div class=\"col-12 col-lg-7\">\n                <div class=\"theme-hero-content\">\n                    <h1 class=\"theme-hero-content-title\">\n                        Wo Ambiente und Funktionalit\u00e4t zusammenkommen!                    <\/h1>\n                    <div class=\"theme-hero-content-text\">\n                        <p>Feros bietet stilvolle und funktionelle M\u00f6bel f\u00fcr Gastst\u00e4tten und Veranstaltungen, die jedem Raum eine einladende und inspirierende Atmosph\u00e4re verleihen.<\/p>\n                    <\/div>\n                                        <a href=\"https:\/\/ferosfurniture.com\/de\/produkte\/\" class=\"theme-hero-content-button theme-button\">\n                        Sortiment ansehen                    <\/a>\n                                    <\/div>\n            <\/div>\n        <\/div>\n    <\/div>\n    <\/div>\n\n<div class=\"theme-intro theme-wrapper bg-off-white\">\n    <div class=\"theme-intro-image\">\n        <img decoding=\"async\" src=\"https:\/\/ferosfurniture.com\/de\/wp-content\/uploads\/2024\/09\/marketstand_france_professional_atmosphere_hr.webp\" alt=\"intro image\">\n    <\/div>\n    <div class=\"container\">\n        <div class=\"row\">\n            <div class=\"col-12 col-lg-12 col-xl-8\">\n                <h2>\n                    Einzigartige Produkte f\u00fcr den Innen- und Au\u00dfenbereich in der Gastronomie oder f\u00fcr Veranstaltungsorte.                <\/h2>\n                <div class=\"theme-intro-content\">\n                    <p>Ob es sich um eine gro\u00dfe Veranstaltung, ein stimmungsvolles Restaurant oder einen stilvollen Au\u00dfenbereich handelt, das Feros-Sortiment bietet die Flexibilit\u00e4t, die Sie suchen!<\/p>\n<p>Viele unserer Produkte sind stapelbar oder faltbar, was die Lagerung erleichtert. Au\u00dferdem sorgen die passenden Trolleys f\u00fcr einen sicheren und effizienten Transport.<\/p>\n                <\/div>\n            <\/div>\n        <\/div>\n    <\/div>\n<\/div>\n\n<div class=\"theme-wrapper theme-product-slider bg-off-white\" id=\"project-slider\">\n    <div class=\"theme-product-slider__container\">\n        <div class=\"row\">\n            <div class=\"col-12\">\n                <div class=\"theme-product-slider-wrapper\">\n                    <h2>Produkt-Kategorien<\/h2>\n                    <div class=\"theme-highlighted-products-wrapper-controls\">\n\n                        <div class=\"theme-product-slider-back theme-button\">\n                            <div class=\"theme-product-slider-back-text\"><\/div>\n                            <i class=\"fa-sharp fa-regular fa-arrow-left-from-line\"><\/i>\n                        <\/div>\n\n                        <div class=\"theme-product-slider-next theme-button\">\n                            <div class=\"theme-product-slider-next-text\">swipe<\/div>\n                            <i class=\"fa-sharp fa-regular fa-arrow-right-from-line\"><\/i>\n                        <\/div>\n                    <\/div>\n                <\/div>\n            <\/div>\n            <div class=\"col-12\">\n                                    <div class=\"theme-product-slider__carousel\">\n                                                    <a href=\"https:\/\/ferosfurniture.com\/de\/assortiment-set\/stuehle\/\" class=\"theme-product-slider__carousel-card\">\n                                <div class=\"theme-product-slider__carousel-card-image\">\n                                    <img decoding=\"async\" src=\"https:\/\/ferosfurniture.com\/de\/wp-content\/uploads\/sites\/2\/2025\/11\/151536_fortis_chair_dark_grey_1-scaled.jpg\" alt=\"St\u00fchle Image\">\n                                <\/div>\n                                <div class=\"theme-product-slider__carousel-card-title\">\n                                    St\u00fchle                                <\/div>\n                            <\/a>\n                                                    <a href=\"https:\/\/ferosfurniture.com\/de\/assortiment-set\/barhocker\/\" class=\"theme-product-slider__carousel-card\">\n                                <div class=\"theme-product-slider__carousel-card-image\">\n                                    <img decoding=\"async\" src=\"https:\/\/ferosfurniture.com\/de\/wp-content\/uploads\/sites\/2\/2024\/09\/53101-mundo-barchair-cognac-1_hr.webp\" alt=\"Barhocker Image\">\n                                <\/div>\n                                <div class=\"theme-product-slider__carousel-card-title\">\n                                    Barhocker                                <\/div>\n                            <\/a>\n                                                    <a href=\"https:\/\/ferosfurniture.com\/de\/assortiment-set\/tische\/\" class=\"theme-product-slider__carousel-card\">\n                                <div class=\"theme-product-slider__carousel-card-image\">\n                                    <img decoding=\"async\" src=\"https:\/\/ferosfurniture.com\/de\/wp-content\/uploads\/sites\/2\/2025\/02\/140031570_infinity_tripod_bistro_sand-galamarble_1.webp\" alt=\"Tische Image\">\n                                <\/div>\n                                <div class=\"theme-product-slider__carousel-card-title\">\n                                    Tische                                <\/div>\n                            <\/a>\n                                                    <a href=\"https:\/\/ferosfurniture.com\/de\/assortiment-set\/arbeitstische\/\" class=\"theme-product-slider__carousel-card\">\n                                <div class=\"theme-product-slider__carousel-card-image\">\n                                    <img decoding=\"async\" src=\"https:\/\/ferosfurniture.com\/de\/wp-content\/uploads\/sites\/2\/2024\/09\/1_solid200_stainless_steel_table_23100_shadow_hr.webp\" alt=\"Arbeitstische Image\">\n                                <\/div>\n                                <div class=\"theme-product-slider__carousel-card-title\">\n                                    Arbeitstische                                <\/div>\n                            <\/a>\n                                                    <a href=\"https:\/\/ferosfurniture.com\/de\/assortiment-set\/biergarnituren\/\" class=\"theme-product-slider__carousel-card\">\n                                <div class=\"theme-product-slider__carousel-card-image\">\n                                    <img decoding=\"async\" src=\"https:\/\/ferosfurniture.com\/de\/wp-content\/uploads\/sites\/2\/2024\/09\/1_beerset_shadow_hr.webp\" alt=\"Biergarnituren Image\">\n                                <\/div>\n                                <div class=\"theme-product-slider__carousel-card-title\">\n                                    Biergarnituren                                <\/div>\n                            <\/a>\n                                                    <a href=\"https:\/\/ferosfurniture.com\/de\/assortiment-set\/garderobenstaender\/\" class=\"theme-product-slider__carousel-card\">\n                                <div class=\"theme-product-slider__carousel-card-image\">\n                                    <img decoding=\"async\" src=\"https:\/\/ferosfurniture.com\/de\/wp-content\/uploads\/sites\/2\/2024\/09\/1_coatrack_long_withhooks_c10004_shadow_hr.webp\" alt=\"Garderobenst\u00e4nder Image\">\n                                <\/div>\n                                <div class=\"theme-product-slider__carousel-card-title\">\n                                    Garderobenst\u00e4nder                                <\/div>\n                            <\/a>\n                                                    <a href=\"https:\/\/ferosfurniture.com\/de\/assortiment-set\/marktstaende\/\" class=\"theme-product-slider__carousel-card\">\n                                <div class=\"theme-product-slider__carousel-card-image\">\n                                    <img decoding=\"async\" src=\"https:\/\/ferosfurniture.com\/de\/wp-content\/uploads\/sites\/2\/2024\/09\/1_professional_marketstand_red-white_MSR10205R_shadow_hr.webp\" alt=\"Marktst\u00e4nde Image\">\n                                <\/div>\n                                <div class=\"theme-product-slider__carousel-card-title\">\n                                    Marktst\u00e4nde                                <\/div>\n                            <\/a>\n                                                    <a href=\"https:\/\/ferosfurniture.com\/de\/assortiment-set\/transportwagen\/\" class=\"theme-product-slider__carousel-card\">\n                                <div class=\"theme-product-slider__carousel-card-image\">\n                                    <img decoding=\"async\" src=\"https:\/\/ferosfurniture.com\/de\/wp-content\/uploads\/sites\/2\/2024\/09\/1_trolley_stackchair_t91600_shadow_hr.webp\" alt=\"Transportwagen Image\">\n                                <\/div>\n                                <div class=\"theme-product-slider__carousel-card-title\">\n                                    Transportwagen                                <\/div>\n                            <\/a>\n                                                    <a href=\"https:\/\/ferosfurniture.com\/de\/assortiment-set\/zubehoer\/\" class=\"theme-product-slider__carousel-card\">\n                                <div class=\"theme-product-slider__carousel-card-image\">\n                                    <img decoding=\"async\" src=\"https:\/\/ferosfurniture.com\/de\/wp-content\/uploads\/sites\/2\/2025\/11\/173592_prisma_table_lamp_sand_1.jpg\" alt=\"Zubeh\u00f6r Image\">\n                                <\/div>\n                                <div class=\"theme-product-slider__carousel-card-title\">\n                                    Zubeh\u00f6r                                <\/div>\n                            <\/a>\n                                            <\/div>\n                            <\/div>\n        <\/div>\n    <\/div>\n<\/div>\n\n<div class=\"theme-features bg-grey\">\n    <div class=\"container\">\n        <div class=\"row align-items-end\">\n            <div class=\"col-12 col-lg-6\">\n                <div class=\"theme-features-left\">\n                    <h2>\n                        Entdecken Sie stilvolle und einzigartige M\u00f6bel f\u00fcr Catering und Events                    <\/h2>\n                    <div class=\"theme-features-left-titles\">\n                                                                        <div class=\"theme-features-left-titles-title\">\n                                Flexibilit\u00e4t                            <\/div>                        \n                                                    <div class=\"theme-features-left-titles-title\">\n                                Innovation                            <\/div>                        \n                                                    <div class=\"theme-features-left-titles-title\">\n                                Benutzerfreundlichkeit                            <\/div>                        \n                                                    <div class=\"theme-features-left-titles-title\">\n                                Stilvolles Design                            <\/div>                        \n                                                    <div class=\"theme-features-left-titles-title\">\n                                 Verl\u00e4sslichkeit                            <\/div>                        \n                                                                <\/div>\n                <\/div>\n            <\/div>\n            <div class=\"col-12 col-sm-12 col-lg-6\">\n                <div class=\"theme-features-right\">\n                                         \n                    <div class=\"theme-features-right-card\">\n                        <div class=\"theme-features-right-card-image\">\n                            <img decoding=\"async\" src=\"https:\/\/ferosfurniture.com\/de\/wp-content\/uploads\/2024\/09\/flexibiliteit-photo-e1727423485293.webp\" alt=\"\">\n                        <\/div>\n                        <div class=\"theme-features-right-card-content\">\n                            <p>Unsere M\u00f6bel sind auf Multifunktionalit\u00e4t ausgelegt. Sie eignen sich f\u00fcr den Innen- und Au\u00dfenbereich, sind stapelbar, zusammenklappbar und leicht zu bewegen \u2013 perfekt f\u00fcr dynamische Gastst\u00e4tten und Veranstaltungen.<\/p>\n                        <\/div> \n                    <\/div>\n                     \n                    <div class=\"theme-features-right-card\">\n                        <div class=\"theme-features-right-card-image\">\n                            <img decoding=\"async\" src=\"https:\/\/ferosfurniture.com\/de\/wp-content\/uploads\/sites\/2\/2024\/09\/50871-mase-barchair-black_2-det.webp\" alt=\"\">\n                        <\/div>\n                        <div class=\"theme-features-right-card-content\">\n                            <p>Wir arbeiten st\u00e4ndig an Innovationen, um den sich \u00e4ndernden Anforderungen des Gastgewerbes gerecht zu werden. Das bedeutet intelligente Designs, die auf Trends und den wachsenden Bedarf an flexiblen Einrichtungen reagieren.<\/p>\n                        <\/div> \n                    <\/div>\n                     \n                    <div class=\"theme-features-right-card\">\n                        <div class=\"theme-features-right-card-image\">\n                            <img decoding=\"async\" src=\"https:\/\/ferosfurniture.com\/de\/wp-content\/uploads\/sites\/2\/2024\/09\/1_trolley_stackchair_t91600_shadow_hr.webp\" alt=\"\">\n                        <\/div>\n                        <div class=\"theme-features-right-card-content\">\n                            <p>Praktisch im Gebrauch und in der Pflege, mit intelligenten L\u00f6sungen wie passenden Trolleys f\u00fcr den einfachen Transport. Unsere M\u00f6bel sind so konzipiert, dass sie m\u00fchelos in jeder Umgebung eingesetzt werden k\u00f6nnen.<\/p>\n                        <\/div> \n                    <\/div>\n                     \n                    <div class=\"theme-features-right-card\">\n                        <div class=\"theme-features-right-card-image\">\n                            <img decoding=\"async\" src=\"https:\/\/ferosfurniture.com\/de\/wp-content\/uploads\/sites\/2\/2024\/09\/barchairs-header-category.webp\" alt=\"\">\n                        <\/div>\n                        <div class=\"theme-features-right-card-content\">\n                            <p>Wir kombinieren Funktionalit\u00e4t mit schlichtem und modernem Design. Unsere M\u00f6bel tragen dazu bei, eine einladende und inspirierende Atmosph\u00e4re zu schaffen, ganz gleich, wo sie stehen.<\/p>\n                        <\/div> \n                    <\/div>\n                     \n                    <div class=\"theme-features-right-card\">\n                        <div class=\"theme-features-right-card-image\">\n                            <img decoding=\"async\" src=\"https:\/\/ferosfurniture.com\/de\/wp-content\/uploads\/sites\/2\/2024\/09\/9_beertable_detail_hr.webp\" alt=\"\">\n                        <\/div>\n                        <div class=\"theme-features-right-card-content\">\n                            <p>Wir kombinieren Funktionalit\u00e4t mit schlichtem und modernem Design. Unsere M\u00f6bel tragen dazu bei, eine einladende und inspirierende Atmosph\u00e4re zu schaffen, ganz gleich, wo sie stehen.<\/p>\n                        <\/div> \n                    <\/div>\n                                                        <\/div>\n            <\/div>\n        <\/div>\n    <\/div>\n<\/div>\n\n<div class=\"theme-wrapper theme-promo\">\n    <div class=\"container\">\n        <div class=\"row\">\n\n        <div class=\"col-12\">\n            <div class=\"theme-promo-header\">\n                <h2>Unsere Kundengruppen<\/h2>\n            <\/div>\n        <\/div>\n\n            <div class=\"theme-promo-wrapper\">\n                \n\n                    <div class=\"theme-promo-card\">\n                        <div class=\"theme-promo-card-image\">\n                            <img decoding=\"async\" src=\"https:\/\/ferosfurniture.com\/de\/wp-content\/uploads\/2024\/09\/webshops-homepage.webp\" alt=\"afbeelding\">\n                        <\/div>\n                        <div class=\"theme-promo-card-backing\">\n                            <h2 class=\"theme-promo-card-title\">Webshops<\/h2>\n                            <div class=\"theme-promo-card-info\">\n                                <p>Online-Shops mit Schwerpunkt auf Gastgewerbe und Veranstaltungen.<\/p>\n                            <\/div>\n                        <\/div>\n                    <\/div>\n                \n\n                    <div class=\"theme-promo-card\">\n                        <div class=\"theme-promo-card-image\">\n                            <img decoding=\"async\" src=\"https:\/\/ferosfurniture.com\/de\/wp-content\/uploads\/2024\/09\/projectinrichters-homepage-scaled.webp\" alt=\"afbeelding\">\n                        <\/div>\n                        <div class=\"theme-promo-card-backing\">\n                            <h2 class=\"theme-promo-card-title\">Projektorganisatoren<\/h2>\n                            <div class=\"theme-promo-card-info\">\n                                <p>Professionelle Dekorateure f\u00fcr gewerbliche und \u00f6ffentliche R\u00e4ume.<\/p>\n                            <\/div>\n                        <\/div>\n                    <\/div>\n                \n\n                    <div class=\"theme-promo-card\">\n                        <div class=\"theme-promo-card-image\">\n                            <img decoding=\"async\" src=\"https:\/\/ferosfurniture.com\/de\/wp-content\/uploads\/2024\/09\/verhuurbedrijven-homepage.webp\" alt=\"afbeelding\">\n                        <\/div>\n                        <div class=\"theme-promo-card-backing\">\n                            <h2 class=\"theme-promo-card-title\">Vermietungsunternehmen<\/h2>\n                            <div class=\"theme-promo-card-info\">\n                                <p>M\u00f6belvermieter f\u00fcr Catering und Veranstaltungen.<\/p>\n                            <\/div>\n                        <\/div>\n                    <\/div>\n                            <\/div>\n\n        <\/div>\n    <\/div>\n<\/div>\n\n<div class=\"theme-wrapper theme-showcase\">\n    <div class=\"container\">\n        <div class=\"row\">\n            <div class=\"col-12\">\n                <div class=\"theme-showcase-wrapper\">\n                    <h2>\n                        Schauen Sie sich unsere Produktpalette an                    <\/h2>\n                    \n                    <div class=\"theme-showcase-controls\">\n                        \n                        <a href=\"http:\/\/ferosfurniture.com\/assortiment-set\/stoelen\/\" class=\"theme-showcase-next theme-button\">\n                            Vollst\u00e4ndiges Sortiment                            <i class=\"fa-sharp fa-regular fa-arrow-right-from-line\"><\/i>\n                        <\/a>\n                    <\/div>\n                <\/div>\n            <\/div>\n\n\n\n            <div class=\"col-12 col-lg-6\">\n                <div class=\"theme-showcase-cards\">\n                    \n                    \n                        <a href=\"\" class=\"theme-showcase__carousel-card\">\n                            <div class=\"theme-product-slider__carousel-card-image\">\n                                <img decoding=\"async\" src=\"\" alt=\"Featured Image\">\n                            <\/div>\n                            <div class=\"theme-product-slider__carousel-card-title\">\n                                                            <\/div>\n                        <\/a>\n                    \n                        <a href=\"https:\/\/ferosfurniture.com\/de\/assortiment\/breeze-bistro-klapptisch-metall-blau\/\" class=\"theme-showcase__carousel-card\">\n                            <div class=\"theme-product-slider__carousel-card-image\">\n                                <img decoding=\"async\" src=\"https:\/\/ferosfurniture.com\/de\/wp-content\/uploads\/sites\/2\/2024\/09\/20824-breeze-bistro-table-blue-1.webp\" alt=\"Featured Image\">\n                            <\/div>\n                            <div class=\"theme-product-slider__carousel-card-title\">\n                                Breeze Bistro Klapptisch Metall \u2013 Blau                            <\/div>\n                        <\/a>\n                                    <\/div>\n            <\/div>\n\n            <div class=\"col-12 col-lg-6\">\n                <div class=\"theme-showcase-image\">\n                    <img decoding=\"async\" src=\"https:\/\/ferosfurniture.com\/de\/wp-content\/uploads\/2024\/09\/5082420824-breeze-bistro-set-blue_2-amb-1-scaled.webp\" alt=\"Big Display\">\n                <\/div>\n            <\/div>\n        <\/div>\n    <\/div>\n<\/div>\n\n<div class=\"theme-top-footer\">\n    <div class=\"container\">\n        <div class=\"row\">\n            <div class=\"col-12\">\n                <div class=\"theme-top-footer-wrapper\">\n                    <h1 class=\"theme-top-footer-wrapper-title\">\n                        <p><strong>H\u00e4ndler von Feros werden?<\/strong><\/p>\n                    <\/h1>\n                <\/div>\n\n\n                <div class=\"col-12\">\n\n                    <div class=\"theme-top-footer-container\">\n                        <div href=\"\" class=\"theme-top-footer-container-card\">\n                            <div class=\"theme-top-footer-container-card-title\">\n                                <h2>Eine E-Mail schicken<\/h2>\n                            <\/div>\n                            <div class=\"theme-top-footer-container-card-wrapper\">\n                                <a href=\"mailto:sales@veba.nl\">\n                                    <h2 class=\"theme-top-footer-container-card-wrapper-text\">sales@veba.nl<\/h2>\n                                <\/a>\n                            <\/div>\n                        <\/div>\n\n                        <div class=\"theme-top-footer-container-card\">\n                            <div class=\"theme-top-footer-container-card-title\">\n                                <h2>Ruf uns an<\/h2>\n                            <\/div>\n                            <div class=\"theme-top-footer-container-card-wrapper\">\n                                <a href=\"tel:0031850435840\">\n                                    <h2 class=\"theme-top-footer-container-card-wrapper-text\">0031 (0)85 043 5840<\/h2>\n                                <\/a>\n                            <\/div>\n                        <\/div>\n                    <\/div>\n                <\/div>\n            <\/div>\n        <\/div>\n    <\/div>\n<\/div>","protected":false},"excerpt":{"rendered":"","protected":false},"author":1,"featured_media":0,"parent":0,"menu_order":0,"comment_status":"closed","ping_status":"closed","template":"","meta":{"_acf_changed":false,"_seopress_robots_primary_cat":"","_seopress_titles_title":"","_seopress_titles_desc":"","_seopress_robots_index":"","_relevanssi_hide_post":"","_relevanssi_hide_content":"","_relevanssi_pin_for_all":"","_relevanssi_pin_keywords":"","_relevanssi_unpin_keywords":"","_relevanssi_related_keywords":"","_relevanssi_related_include_ids":"","_relevanssi_related_exclude_ids":"","_relevanssi_related_no_append":"","_relevanssi_related_not_related":"","_relevanssi_related_posts":"","_relevanssi_noindex_reason":"","footnotes":""},"class_list":["post-1424","page","type-page","status-publish","hentry"],"acf":[],"_links":{"self":[{"href":"https:\/\/ferosfurniture.com\/de\/wp-json\/wp\/v2\/pages\/1424","targetHints":{"allow":["GET"]}}],"collection":[{"href":"https:\/\/ferosfurniture.com\/de\/wp-json\/wp\/v2\/pages"}],"about":[{"href":"https:\/\/ferosfurniture.com\/de\/wp-json\/wp\/v2\/types\/page"}],"author":[{"embeddable":true,"href":"https:\/\/ferosfurniture.com\/de\/wp-json\/wp\/v2\/users\/1"}],"replies":[{"embeddable":true,"href":"https:\/\/ferosfurniture.com\/de\/wp-json\/wp\/v2\/comments?post=1424"}],"version-history":[{"count":10,"href":"https:\/\/ferosfurniture.com\/de\/wp-json\/wp\/v2\/pages\/1424\/revisions"}],"predecessor-version":[{"id":2677,"href":"https:\/\/ferosfurniture.com\/de\/wp-json\/wp\/v2\/pages\/1424\/revisions\/2677"}],"wp:attachment":[{"href":"https:\/\/ferosfurniture.com\/de\/wp-json\/wp\/v2\/media?parent=1424"}],"curies":[{"name":"wp","href":"https:\/\/api.w.org\/{rel}","templated":true}]}}