{"id":1436,"date":"2024-09-26T10:00:19","date_gmt":"2024-09-26T10:00:19","guid":{"rendered":"http:\/\/ferosfurniture.com\/de\/?page_id=1436"},"modified":"2025-04-17T14:02:20","modified_gmt":"2025-04-17T14:02:20","slug":"ueber-uns","status":"publish","type":"page","link":"https:\/\/ferosfurniture.com\/de\/ueber-uns\/","title":{"rendered":"\u00dcber uns"},"content":{"rendered":"<div class=\"theme-hero theme-wrapper\">\n    <div class=\"theme-hero-image \"> \n        <img decoding=\"async\" src=\"https:\/\/ferosfurniture.com\/de\/wp-content\/uploads\/2024\/09\/over-ons-header.webp\" loading=\"lazy\" alt=\"Hero afbeelding\">\n    <\/div>\n        <div class=\"container\">\n        <div class=\"row\">\n            <div class=\"col-12 col-lg-7\">\n                <div class=\"theme-hero-content\">\n                    <h1 class=\"theme-hero-content-title\">\n                        \u00dcber uns                    <\/h1>\n                    <div class=\"theme-hero-content-text\">\n                        <p>Wir von Feros<br \/>\nsind bestrebt, der f\u00fchrende Anbieter von stilvollen und funktionalen M\u00f6beln f\u00fcr das Gastgewerbe und die Veranstaltungsbranche zu sein. Lesen Sie weiter, um mehr \u00fcber unseren Hintergrund, unsere Grundwerte und unser Engagement f\u00fcr Qualit\u00e4t und Service zu erfahren.<\/p>\n                    <\/div>\n                                    <\/div>\n            <\/div>\n        <\/div>\n    <\/div>\n    <\/div>\n\n<div class=\"theme-wrapper theme-info-left\">\n    <div class=\"container\">\n        <div class=\"row\">\n\n            <div class=\"theme-info-left-wrapper\">\n                <div class=\"col-12 col-md-6\">\n                    <div class=\"theme-info-left-wrapper-text\">\n                        <h2 class=\"theme-info-left-wrapper-text-title\">Marke von VEBA<\/h2>\n                        <div class=\"theme-info-left-wrapper-text-info\">\n                            <p>Feros ist eine Marke des niederl\u00e4ndischen Gro\u00dfh\u00e4ndlers VEBA. VEBA ist bekannt f\u00fcr die Produktion, den Import und den Export hochwertiger Kollektionen f\u00fcr die Bereiche Gastgewerbe, Veranstaltungen sowie Haus und Garten. VEBA ist weltweit pr\u00e4sent und liefert \u00fcber ein breites Netz von Vertriebspartnern, darunter Baum\u00e4rkte, Gartencenter, Importeure, Projektveranstalter und Webshops.<\/p>\n                        <\/div>\n                    <\/div>\n                <\/div>\n\n                <div class=\"col-12 col-md-6\">\n                    <div class=\"theme-info-left-image\">\n                        <img decoding=\"async\" src=\"https:\/\/ferosfurniture.com\/de\/wp-content\/uploads\/2024\/09\/instagram_logo.jpg\" alt=\"Info Image\">\n                    <\/div>\n                <\/div>\n\n            <\/div>\n        <\/div>\n    <\/div>\n<\/div>\n\n\n<div class=\"theme-wrapper theme-info-right\" style=\"margin-top: -240px;\">\n    <div class=\"container\">\n        <div class=\"row\">\n\n            <div class=\"theme-info-right-display\">\n\n                <div class=\"col-12 col-md-6\">\n                    <div class=\"theme-info-right-image\">\n                        <img decoding=\"async\" src=\"https:\/\/ferosfurniture.com\/de\/wp-content\/uploads\/2024\/09\/snelle-distributie-essentials.webp\" alt=\"Info Image\">\n                    <\/div>\n                <\/div>\n\n                <div class=\"col-12 col-md-6\"> \n                    <div class=\"theme-info-right-display-text\">\n                        <h2 class=\"theme-info-right-display-text-title\">Effiziente und zuverl\u00e4ssige Lieferung<\/h2>\n                        <div class=\"theme-info-right-display-text-info\">\n                            <p>Tanzen auf einer lustigen Party, Essen in einem stimmungsvollen Restaurant oder Zeit im Garten mit der Familie genie\u00dfen. Als Webshop, Projektdesigner oder Verleihunternehmen werden Sie feststellen, dass sich diese Flexibilit\u00e4t in der Feros-Reihe widerspiegelt.<\/p>\n<p>&nbsp;<\/p>\n                        <\/div> \n                    <\/div>\n                <\/div>\n            <\/div>\n            \n            <div class=\"col-12\">\n                <div class=\"theme-info-right-motto\">\n                    <h1 class=\"theme-info-right-motto-text\"><h1 class=\"theme-hero-content-title\">Wo Stil und Funktionalit\u00e4t zusammenkommen, um eine einzigartige Atmosph\u00e4re zu schaffen.<\/h1>\n<\/h1>\n                <\/div>\n            <\/div>\n        <\/div>\n    <\/div>\n<\/div>\n\n\n<div class=\"theme-wrapper theme-info-right\" style=\"margin-top: -240px;\">\n    <div class=\"container\">\n        <div class=\"row\">\n\n            <div class=\"theme-info-right-display\">\n\n                <div class=\"col-12 col-md-6\">\n                    <div class=\"theme-info-right-image\">\n                        <img decoding=\"async\" src=\"https:\/\/ferosfurniture.com\/de\/wp-content\/uploads\/2024\/09\/interne-productontwikkeling-essentials.webp\" alt=\"Info Image\">\n                    <\/div>\n                <\/div>\n\n                <div class=\"col-12 col-md-6\"> \n                    <div class=\"theme-info-right-display-text\">\n                        <h2 class=\"theme-info-right-display-text-title\">Interne Produktentwicklung<\/h2>\n                        <div class=\"theme-info-right-display-text-info\">\n                            <p>Bei Feros verbinden wir Funktionalit\u00e4t und Stil zu einem anspruchsvollen Design. Jedes M\u00f6belst\u00fcck wird mit einem Auge f\u00fcrs Detail entwickelt, um eine moderne, attraktive Atmosph\u00e4re zu schaffen. Durch die Verwendung hochwertiger Materialien und sorgf\u00e4ltiges Design liefern wir zuverl\u00e4ssige Produkte, die langlebig und vielseitig sind.<\/p>\n                        <\/div> \n                    <\/div>\n                <\/div>\n            <\/div>\n            \n            <div class=\"col-12\">\n                <div class=\"theme-info-right-motto\">\n                    <h1 class=\"theme-info-right-motto-text\"><\/h1>\n                <\/div>\n            <\/div>\n        <\/div>\n    <\/div>\n<\/div>\n\n\n<div class=\"theme-wrapper theme-info-left\">\n    <div class=\"container\">\n        <div class=\"row\">\n\n            <div class=\"theme-info-left-wrapper\">\n                <div class=\"col-12 col-md-6\">\n                    <div class=\"theme-info-left-wrapper-text\">\n                        <h2 class=\"theme-info-left-wrapper-text-title\">Flexible Lieferoptionen<\/h2>\n                        <div class=\"theme-info-left-wrapper-text-info\">\n                            <p>Feros bietet flexible Liefermethoden, um den Bed\u00fcrfnissen unserer Kunden gerecht zu werden. Ob Kisten-, Paletten- oder Vollcontainerlieferungen &#8211; wir sorgen daf\u00fcr, dass Ihre Bestellung unabh\u00e4ngig von ihrer Gr\u00f6\u00dfe sicher und effizient versandt wird.<\/p>\n                        <\/div>\n                    <\/div>\n                <\/div>\n\n                <div class=\"col-12 col-md-6\">\n                    <div class=\"theme-info-left-image\">\n                        <img decoding=\"async\" src=\"https:\/\/ferosfurniture.com\/de\/wp-content\/uploads\/2024\/09\/Distributie-Shipping-as-per-piece-scaled.webp\" alt=\"Info Image\">\n                    <\/div>\n                <\/div>\n\n            <\/div>\n        <\/div>\n    <\/div>\n<\/div>\n","protected":false},"excerpt":{"rendered":"","protected":false},"author":1,"featured_media":0,"parent":0,"menu_order":0,"comment_status":"closed","ping_status":"closed","template":"","meta":{"_acf_changed":false,"_seopress_robots_primary_cat":"","_seopress_titles_title":"","_seopress_titles_desc":"","_seopress_robots_index":"","_relevanssi_hide_post":"","_relevanssi_hide_content":"","_relevanssi_pin_for_all":"","_relevanssi_pin_keywords":"","_relevanssi_unpin_keywords":"","_relevanssi_related_keywords":"","_relevanssi_related_include_ids":"","_relevanssi_related_exclude_ids":"","_relevanssi_related_no_append":"","_relevanssi_related_not_related":"","_relevanssi_related_posts":"","_relevanssi_noindex_reason":"","footnotes":""},"class_list":["post-1436","page","type-page","status-publish","hentry"],"acf":[],"_links":{"self":[{"href":"https:\/\/ferosfurniture.com\/de\/wp-json\/wp\/v2\/pages\/1436","targetHints":{"allow":["GET"]}}],"collection":[{"href":"https:\/\/ferosfurniture.com\/de\/wp-json\/wp\/v2\/pages"}],"about":[{"href":"https:\/\/ferosfurniture.com\/de\/wp-json\/wp\/v2\/types\/page"}],"author":[{"embeddable":true,"href":"https:\/\/ferosfurniture.com\/de\/wp-json\/wp\/v2\/users\/1"}],"replies":[{"embeddable":true,"href":"https:\/\/ferosfurniture.com\/de\/wp-json\/wp\/v2\/comments?post=1436"}],"version-history":[{"count":6,"href":"https:\/\/ferosfurniture.com\/de\/wp-json\/wp\/v2\/pages\/1436\/revisions"}],"predecessor-version":[{"id":2140,"href":"https:\/\/ferosfurniture.com\/de\/wp-json\/wp\/v2\/pages\/1436\/revisions\/2140"}],"wp:attachment":[{"href":"https:\/\/ferosfurniture.com\/de\/wp-json\/wp\/v2\/media?parent=1436"}],"curies":[{"name":"wp","href":"https:\/\/api.w.org\/{rel}","templated":true}]}}