{"id":1439,"date":"2024-09-26T10:33:58","date_gmt":"2024-09-26T10:33:58","guid":{"rendered":"http:\/\/ferosfurniture.com\/de\/?page_id=1439"},"modified":"2025-04-17T13:57:46","modified_gmt":"2025-04-17T13:57:46","slug":"produkte","status":"publish","type":"page","link":"https:\/\/ferosfurniture.com\/de\/produkte\/","title":{"rendered":"Produkte"},"content":{"rendered":"<div class=\"theme-hero theme-wrapper\">\n    <div class=\"theme-hero-image theme-hero-image-only\"> \n        <img decoding=\"async\" src=\"https:\/\/ferosfurniture.com\/de\/wp-content\/uploads\/2024\/08\/louis-mundo-chairs-atmosphere_web.webp\" loading=\"lazy\" alt=\"Hero afbeelding\">\n    <\/div>\n    <\/div>\n\n<div class=\"theme-wrapper theme-producten-intro bg-white\">\n    <div class=\"container\">\n        <div class=\"row\">\n            <div class=\"col-12 theme-producten-intro-breadcrumb\">\n                <a href=\"https:\/\/ferosfurniture.com\/de\">FEROS<\/a>\n                <span>><\/span>\n                <a href=\"https:\/\/ferosfurniture.com\/de\/produkte\/\">Produkte<\/a>\n            <\/div>\n            <div class=\"col-12\">\n                <h2 class=\"theme-producten-intro-title\">Entdecken Sie unser vielseitiges und einzigartiges Angebot<\/h2>\n                <div class=\"theme-producten-intro-tekst\"><p>Bei Feros bieten wir eine sorgf\u00e4ltig zusammengestellte Kollektion von M\u00f6beln f\u00fcr das Gastgewerbe und die Veranstaltungsbranche an. Viele unserer Produkte sind stapelbar oder faltbar, sodass sie leicht zu transportieren und zu lagern sind. Ganz gleich, ob Sie funktionale M\u00f6bel f\u00fcr eine Veranstaltung oder stimmungsvolle Einrichtungsgegenst\u00e4nde f\u00fcr einen Veranstaltungsort suchen, Feros bietet einzigartige L\u00f6sungen f\u00fcr jeden Raum und Anlass.<\/p>\n<\/div>\n            <\/div>\n        <\/div>\n    <\/div>\n<\/div>\n\n\n\n<div class=\"theme-wrapper theme-product-cat-archive\">\n    <div class=\"container\">\n        <div class=\"row\">\n            <div class=\"col-12 theme-product-cat-archive-searchcontainer\">\n                <div class=\"theme-product-cat-archive-searchcontainer-searchall\">\n                    <form role=\"search\" method=\"get\" class=\"theme-header-wrapper-search-form\" action=\"https:\/\/ferosfurniture.com\/de\/\">\n    <button type=\"submit\" class=\"theme-header-content-right-search-icon\"><img decoding=\"async\" src=\"https:\/\/ferosfurniture.com\/de\/wp-content\/themes\/loeihard-theme\/assets\/img\/search-icon.svg\" alt=\"Zoek icon\"><\/button>\n    <input type=\"search\" class=\"theme-header-wrapper-search-form-input\" placeholder=\"Produkt suchen...\" value=\"\" name=\"s\" title=\"Suche nach:\" \/>\n<\/form>                <\/div>\n            <\/div>\n                            <div class=\"col-xl-3 col-12\">\n                    <a href=\"https:\/\/ferosfurniture.com\/de\/assortiment-set\/stuehle\/\" class=\"theme-product-cat-archive-card\">\n                        <div class=\"theme-product-cat-archive-card-image\">\n                            <img decoding=\"async\" id=\"tekeningfoto\" src=\"https:\/\/ferosfurniture.com\/de\/wp-content\/uploads\/sites\/2\/2024\/09\/category-chairs.png.png\" alt=\"Tekening\">\n                            <img decoding=\"async\" id=\"sfeerfoto\" src=\"https:\/\/ferosfurniture.com\/de\/wp-content\/uploads\/sites\/2\/2024\/09\/chairs-cat-header.webp\" alt=\"Sfeer\">\n                        <\/div>\n                        <div class=\"theme-product-cat-archive-card-wrapper\">\n                            <h2 class=\"theme-product-cat-archive-card-wrapper-title\">St\u00fchle<\/h2>\n                        <\/div>\n                    <\/a>\n                <\/div>\n                            <div class=\"col-xl-3 col-12\">\n                    <a href=\"https:\/\/ferosfurniture.com\/de\/assortiment-set\/barhocker\/\" class=\"theme-product-cat-archive-card\">\n                        <div class=\"theme-product-cat-archive-card-image\">\n                            <img decoding=\"async\" id=\"tekeningfoto\" src=\"https:\/\/ferosfurniture.com\/de\/wp-content\/uploads\/sites\/2\/2024\/09\/category-barchairs-300.svg\" alt=\"Tekening\">\n                            <img decoding=\"async\" id=\"sfeerfoto\" src=\"https:\/\/ferosfurniture.com\/de\/wp-content\/uploads\/sites\/2\/2024\/09\/barchairs-header-category.webp\" alt=\"Sfeer\">\n                        <\/div>\n                        <div class=\"theme-product-cat-archive-card-wrapper\">\n                            <h2 class=\"theme-product-cat-archive-card-wrapper-title\">Barhocker<\/h2>\n                        <\/div>\n                    <\/a>\n                <\/div>\n                            <div class=\"col-xl-3 col-12\">\n                    <a href=\"https:\/\/ferosfurniture.com\/de\/assortiment-set\/tische\/\" class=\"theme-product-cat-archive-card\">\n                        <div class=\"theme-product-cat-archive-card-image\">\n                            <img decoding=\"async\" id=\"tekeningfoto\" src=\"https:\/\/ferosfurniture.com\/de\/wp-content\/uploads\/sites\/2\/2024\/09\/category-tables.png.png\" alt=\"Tekening\">\n                            <img decoding=\"async\" id=\"sfeerfoto\" src=\"https:\/\/ferosfurniture.com\/de\/wp-content\/uploads\/sites\/2\/2024\/09\/tables-cat-header.webp\" alt=\"Sfeer\">\n                        <\/div>\n                        <div class=\"theme-product-cat-archive-card-wrapper\">\n                            <h2 class=\"theme-product-cat-archive-card-wrapper-title\">Tische<\/h2>\n                        <\/div>\n                    <\/a>\n                <\/div>\n                            <div class=\"col-xl-3 col-12\">\n                    <a href=\"https:\/\/ferosfurniture.com\/de\/assortiment-set\/arbeitstische\/\" class=\"theme-product-cat-archive-card\">\n                        <div class=\"theme-product-cat-archive-card-image\">\n                            <img decoding=\"async\" id=\"tekeningfoto\" src=\"https:\/\/ferosfurniture.com\/de\/wp-content\/uploads\/sites\/2\/2025\/11\/working-tables-2.png\" alt=\"Tekening\">\n                            <img decoding=\"async\" id=\"sfeerfoto\" src=\"https:\/\/ferosfurniture.com\/de\/wp-content\/uploads\/sites\/2\/2025\/11\/workingtable-atmosphere-13.jpg\" alt=\"Sfeer\">\n                        <\/div>\n                        <div class=\"theme-product-cat-archive-card-wrapper\">\n                            <h2 class=\"theme-product-cat-archive-card-wrapper-title\">Arbeitstische<\/h2>\n                        <\/div>\n                    <\/a>\n                <\/div>\n                            <div class=\"col-xl-3 col-12\">\n                    <a href=\"https:\/\/ferosfurniture.com\/de\/assortiment-set\/biergarnituren\/\" class=\"theme-product-cat-archive-card\">\n                        <div class=\"theme-product-cat-archive-card-image\">\n                            <img decoding=\"async\" id=\"tekeningfoto\" src=\"https:\/\/ferosfurniture.com\/de\/wp-content\/uploads\/sites\/2\/2024\/09\/category-beersets.png.png\" alt=\"Tekening\">\n                            <img decoding=\"async\" id=\"sfeerfoto\" src=\"https:\/\/ferosfurniture.com\/de\/wp-content\/uploads\/sites\/2\/2024\/09\/beersets-category-header.webp\" alt=\"Sfeer\">\n                        <\/div>\n                        <div class=\"theme-product-cat-archive-card-wrapper\">\n                            <h2 class=\"theme-product-cat-archive-card-wrapper-title\">Biergarnituren<\/h2>\n                        <\/div>\n                    <\/a>\n                <\/div>\n                            <div class=\"col-xl-3 col-12\">\n                    <a href=\"https:\/\/ferosfurniture.com\/de\/assortiment-set\/garderobenstaender\/\" class=\"theme-product-cat-archive-card\">\n                        <div class=\"theme-product-cat-archive-card-image\">\n                            <img decoding=\"async\" id=\"tekeningfoto\" src=\"https:\/\/ferosfurniture.com\/de\/wp-content\/uploads\/sites\/2\/2024\/09\/category-coatracks.png.png\" alt=\"Tekening\">\n                            <img decoding=\"async\" id=\"sfeerfoto\" src=\"https:\/\/ferosfurniture.com\/de\/wp-content\/uploads\/sites\/2\/2024\/09\/coatracks-cat-header.webp\" alt=\"Sfeer\">\n                        <\/div>\n                        <div class=\"theme-product-cat-archive-card-wrapper\">\n                            <h2 class=\"theme-product-cat-archive-card-wrapper-title\">Garderobenst\u00e4nder<\/h2>\n                        <\/div>\n                    <\/a>\n                <\/div>\n                            <div class=\"col-xl-3 col-12\">\n                    <a href=\"https:\/\/ferosfurniture.com\/de\/assortiment-set\/marktstaende\/\" class=\"theme-product-cat-archive-card\">\n                        <div class=\"theme-product-cat-archive-card-image\">\n                            <img decoding=\"async\" id=\"tekeningfoto\" src=\"https:\/\/ferosfurniture.com\/de\/wp-content\/uploads\/sites\/2\/2024\/09\/category-marketstands.png.png\" alt=\"Tekening\">\n                            <img decoding=\"async\" id=\"sfeerfoto\" src=\"https:\/\/ferosfurniture.com\/de\/wp-content\/uploads\/sites\/2\/2024\/09\/market-stands-cat-header.webp\" alt=\"Sfeer\">\n                        <\/div>\n                        <div class=\"theme-product-cat-archive-card-wrapper\">\n                            <h2 class=\"theme-product-cat-archive-card-wrapper-title\">Marktst\u00e4nde<\/h2>\n                        <\/div>\n                    <\/a>\n                <\/div>\n                            <div class=\"col-xl-3 col-12\">\n                    <a href=\"https:\/\/ferosfurniture.com\/de\/assortiment-set\/transportwagen\/\" class=\"theme-product-cat-archive-card\">\n                        <div class=\"theme-product-cat-archive-card-image\">\n                            <img decoding=\"async\" id=\"tekeningfoto\" src=\"https:\/\/ferosfurniture.com\/de\/wp-content\/uploads\/sites\/2\/2024\/09\/category-trollers_1-png-1.png\" alt=\"Tekening\">\n                            <img decoding=\"async\" id=\"sfeerfoto\" src=\"https:\/\/ferosfurniture.com\/de\/wp-content\/uploads\/sites\/2\/2024\/09\/trolleys-cat-header.webp\" alt=\"Sfeer\">\n                        <\/div>\n                        <div class=\"theme-product-cat-archive-card-wrapper\">\n                            <h2 class=\"theme-product-cat-archive-card-wrapper-title\">Transportwagen<\/h2>\n                        <\/div>\n                    <\/a>\n                <\/div>\n                            <div class=\"col-xl-3 col-12\">\n                    <a href=\"https:\/\/ferosfurniture.com\/de\/assortiment-set\/zubehoer\/\" class=\"theme-product-cat-archive-card\">\n                        <div class=\"theme-product-cat-archive-card-image\">\n                            <img decoding=\"async\" id=\"tekeningfoto\" src=\"https:\/\/ferosfurniture.com\/de\/wp-content\/uploads\/sites\/2\/2025\/11\/line-drawing-category-overige.png\" alt=\"Tekening\">\n                            <img decoding=\"async\" id=\"sfeerfoto\" src=\"https:\/\/ferosfurniture.com\/de\/wp-content\/uploads\/sites\/2\/2025\/11\/line-drawing-category-overige.png\" alt=\"Sfeer\">\n                        <\/div>\n                        <div class=\"theme-product-cat-archive-card-wrapper\">\n                            <h2 class=\"theme-product-cat-archive-card-wrapper-title\">Zubeh\u00f6r<\/h2>\n                        <\/div>\n                    <\/a>\n                <\/div>\n                    <\/div>\n    <\/div>\n<\/div>\n\n<div class=\"theme-features bg-grey\">\n    <div class=\"container\">\n        <div class=\"row align-items-end\">\n            <div class=\"col-12 col-lg-6\">\n                <div class=\"theme-features-left\">\n                    <h2>\n                        Entdecken Sie stilvolle und einzigartige M\u00f6bel f\u00fcr Catering und Events                    <\/h2>\n                    <div class=\"theme-features-left-titles\">\n                                                                        <div class=\"theme-features-left-titles-title\">\n                                Flexibilit\u00e4t                            <\/div>                        \n                                                    <div class=\"theme-features-left-titles-title\">\n                                Innovation                            <\/div>                        \n                                                    <div class=\"theme-features-left-titles-title\">\n                                Benutzerfreundlichkeit                            <\/div>                        \n                                                    <div class=\"theme-features-left-titles-title\">\n                                Stilvolles Design                            <\/div>                        \n                                                    <div class=\"theme-features-left-titles-title\">\n                                Verl\u00e4sslichkeit                            <\/div>                        \n                                                                <\/div>\n                <\/div>\n            <\/div>\n            <div class=\"col-12 col-sm-12 col-lg-6\">\n                <div class=\"theme-features-right\">\n                                         \n                    <div class=\"theme-features-right-card\">\n                        <div class=\"theme-features-right-card-image\">\n                            <img decoding=\"async\" src=\"https:\/\/ferosfurniture.com\/de\/wp-content\/uploads\/2024\/09\/flexibiliteit-photo-e1727423485293.webp\" alt=\"\">\n                        <\/div>\n                        <div class=\"theme-features-right-card-content\">\n                            <p>Unsere M\u00f6bel sind auf Multifunktionalit\u00e4t ausgelegt. Sie eignen sich f\u00fcr den Innen- und Au\u00dfenbereich, sind stapelbar, zusammenklappbar und leicht zu bewegen &#8211; perfekt f\u00fcr dynamische Gastst\u00e4tten und Veranstaltungen.<\/p>\n                        <\/div> \n                    <\/div>\n                     \n                    <div class=\"theme-features-right-card\">\n                        <div class=\"theme-features-right-card-image\">\n                            <img decoding=\"async\" src=\"https:\/\/ferosfurniture.com\/de\/wp-content\/uploads\/2024\/09\/50871-mase-barchair-black_2-det.webp\" alt=\"\">\n                        <\/div>\n                        <div class=\"theme-features-right-card-content\">\n                            <p>Wir arbeiten st\u00e4ndig an Innovationen, um den sich \u00e4ndernden Anforderungen des Gastgewerbes gerecht zu werden. Das bedeutet intelligente Designs, die auf Trends und den wachsenden Bedarf an flexiblen Einrichtungen reagieren.<\/p>\n                        <\/div> \n                    <\/div>\n                     \n                    <div class=\"theme-features-right-card\">\n                        <div class=\"theme-features-right-card-image\">\n                            <img decoding=\"async\" src=\"https:\/\/ferosfurniture.com\/de\/wp-content\/uploads\/2024\/09\/1_trolley_stackchair_t91600_shadow_hr.webp\" alt=\"\">\n                        <\/div>\n                        <div class=\"theme-features-right-card-content\">\n                            <p>Praktisch im Gebrauch und in der Pflege, mit intelligenten L\u00f6sungen wie passenden Trolleys f\u00fcr den einfachen Transport. Unsere M\u00f6bel sind so konzipiert, dass sie m\u00fchelos in jeder Umgebung eingesetzt werden k\u00f6nnen.<\/p>\n                        <\/div> \n                    <\/div>\n                     \n                    <div class=\"theme-features-right-card\">\n                        <div class=\"theme-features-right-card-image\">\n                            <img decoding=\"async\" src=\"\" alt=\"\">\n                        <\/div>\n                        <div class=\"theme-features-right-card-content\">\n                            <p>Wir kombinieren Funktionalit\u00e4t mit schlichtem und modernem Design. Unsere M\u00f6bel tragen dazu bei, eine einladende und inspirierende Atmosph\u00e4re zu schaffen, ganz gleich, wo sie stehen.<\/p>\n                        <\/div> \n                    <\/div>\n                     \n                    <div class=\"theme-features-right-card\">\n                        <div class=\"theme-features-right-card-image\">\n                            <img decoding=\"async\" src=\"https:\/\/ferosfurniture.com\/de\/wp-content\/uploads\/2024\/09\/9_beertable_detail_hr.webp\" alt=\"\">\n                        <\/div>\n                        <div class=\"theme-features-right-card-content\">\n                            <p>Feros liefert zuverl\u00e4ssige Produkte, die den hohen Anforderungen des Objekt- und Gastst\u00e4ttengewerbes gerecht werden. Qualit\u00e4t und Service stehen bei uns im Mittelpunkt, damit Sie immer auf uns z\u00e4hlen k\u00f6nnen.<\/p>\n                        <\/div> \n                    <\/div>\n                                                        <\/div>\n            <\/div>\n        <\/div>\n    <\/div>\n<\/div>\n\n<div class=\"theme-top-footer\">\n    <div class=\"container\">\n        <div class=\"row\">\n            <div class=\"col-12\">\n                <div class=\"theme-top-footer-wrapper\">\n                    <h1 class=\"theme-top-footer-wrapper-title\">\n                        <p><strong>H\u00e4ndler von Feros werden?<\/strong><\/p>\n                    <\/h1>\n                <\/div>\n\n\n                <div class=\"col-12\">\n\n                    <div class=\"theme-top-footer-container\">\n                        <div href=\"\" class=\"theme-top-footer-container-card\">\n                            <div class=\"theme-top-footer-container-card-title\">\n                                <h2>Eine E-Mail schicken<\/h2>\n                            <\/div>\n                            <div class=\"theme-top-footer-container-card-wrapper\">\n                                <a href=\"mailto:sales@veba.nl\">\n                                    <h2 class=\"theme-top-footer-container-card-wrapper-text\">sales@veba.nl<\/h2>\n                                <\/a>\n                            <\/div>\n                        <\/div>\n\n                        <div class=\"theme-top-footer-container-card\">\n                            <div class=\"theme-top-footer-container-card-title\">\n                                <h2>Ruf uns an<\/h2>\n                            <\/div>\n                            <div class=\"theme-top-footer-container-card-wrapper\">\n                                <a href=\"tel:0031850435840\">\n                                    <h2 class=\"theme-top-footer-container-card-wrapper-text\">0031 (0)85 043 5840<\/h2>\n                                <\/a>\n                            <\/div>\n                        <\/div>\n                    <\/div>\n                <\/div>\n            <\/div>\n        <\/div>\n    <\/div>\n<\/div>","protected":false},"excerpt":{"rendered":"","protected":false},"author":1,"featured_media":0,"parent":0,"menu_order":0,"comment_status":"closed","ping_status":"closed","template":"","meta":{"_acf_changed":false,"_seopress_robots_primary_cat":"","_seopress_titles_title":"","_seopress_titles_desc":"","_seopress_robots_index":"","_relevanssi_hide_post":"","_relevanssi_hide_content":"","_relevanssi_pin_for_all":"","_relevanssi_pin_keywords":"","_relevanssi_unpin_keywords":"","_relevanssi_related_keywords":"","_relevanssi_related_include_ids":"","_relevanssi_related_exclude_ids":"","_relevanssi_related_no_append":"","_relevanssi_related_not_related":"","_relevanssi_related_posts":"","_relevanssi_noindex_reason":"","footnotes":""},"class_list":["post-1439","page","type-page","status-publish","hentry"],"acf":[],"_links":{"self":[{"href":"https:\/\/ferosfurniture.com\/de\/wp-json\/wp\/v2\/pages\/1439","targetHints":{"allow":["GET"]}}],"collection":[{"href":"https:\/\/ferosfurniture.com\/de\/wp-json\/wp\/v2\/pages"}],"about":[{"href":"https:\/\/ferosfurniture.com\/de\/wp-json\/wp\/v2\/types\/page"}],"author":[{"embeddable":true,"href":"https:\/\/ferosfurniture.com\/de\/wp-json\/wp\/v2\/users\/1"}],"replies":[{"embeddable":true,"href":"https:\/\/ferosfurniture.com\/de\/wp-json\/wp\/v2\/comments?post=1439"}],"version-history":[{"count":6,"href":"https:\/\/ferosfurniture.com\/de\/wp-json\/wp\/v2\/pages\/1439\/revisions"}],"predecessor-version":[{"id":2138,"href":"https:\/\/ferosfurniture.com\/de\/wp-json\/wp\/v2\/pages\/1439\/revisions\/2138"}],"wp:attachment":[{"href":"https:\/\/ferosfurniture.com\/de\/wp-json\/wp\/v2\/media?parent=1439"}],"curies":[{"name":"wp","href":"https:\/\/api.w.org\/{rel}","templated":true}]}}