{"id":1424,"date":"2024-09-26T09:42:44","date_gmt":"2024-09-26T09:42:44","guid":{"rendered":"http:\/\/ferosfurniture.com\/fr\/?page_id=1424"},"modified":"2025-12-18T08:43:05","modified_gmt":"2025-12-18T08:43:05","slug":"home","status":"publish","type":"page","link":"https:\/\/ferosfurniture.com\/fr\/","title":{"rendered":"Home"},"content":{"rendered":"<div class=\"theme-hero theme-wrapper\">\n    <div class=\"theme-hero-image \"> \n        <img decoding=\"async\" src=\"https:\/\/ferosfurniture.com\/fr\/wp-content\/uploads\/sites\/4\/2024\/09\/louis-mundo-chairs-atmosphere_web.webp\" loading=\"lazy\" alt=\"Hero afbeelding\">\n    <\/div>\n        <div class=\"container\">\n        <div class=\"row\">\n            <div class=\"col-12 col-lg-7\">\n                <div class=\"theme-hero-content\">\n                    <h1 class=\"theme-hero-content-title\">\n                        Quand la convivialit\u00e9 et la fonctionnalit\u00e9 ne font qu\u2019un !                    <\/h1>\n                    <div class=\"theme-hero-content-text\">\n                        <p>Essentials propose des meubles \u00e9l\u00e9gants et fonctionnels pour le CHR et les \u00e9v\u00e9nements, transformant chaque espace en un lieu accueillant et inspirant.<\/p>\n                    <\/div>\n                                        <a href=\"http:\/\/ferosfurniture.com\/fr\/produits\/\" class=\"theme-hero-content-button theme-button\">\n                        Consultez la gamme                    <\/a>\n                                    <\/div>\n            <\/div>\n        <\/div>\n    <\/div>\n    <\/div>\n\n<div class=\"theme-intro theme-wrapper bg-off-white\">\n    <div class=\"theme-intro-image\">\n        <img decoding=\"async\" src=\"https:\/\/ferosfurniture.com\/fr\/wp-content\/uploads\/2024\/09\/marketstand_france_professional_atmosphere_hr.webp\" alt=\"intro image\">\n    <\/div>\n    <div class=\"container\">\n        <div class=\"row\">\n            <div class=\"col-12 col-lg-12 col-xl-8\">\n                <h2>\n                    Des produits uniques pour une utilisation int\u00e9rieure et ext\u00e9rieure dans les \u00e9tablissements de restauration ou lors d&rsquo;\u00e9v\u00e9nements.                <\/h2>\n                <div class=\"theme-intro-content\">\n                    <p>Que ce soit pour un grand \u00e9v\u00e9nement, un restaurant chaleureux ou un espace ext\u00e9rieur \u00e9l\u00e9gant, la gamme Essentials offre la flexibilit\u00e9 que vous recherchez !<\/p>\n<p>Beaucoup de nos produits sont empilables ou pliables, ce qui facilite le rangement. De plus, des chariots assortis garantissent un transport s\u00fbr et efficace.<\/p>\n                <\/div>\n            <\/div>\n        <\/div>\n    <\/div>\n<\/div>\n\n<div class=\"theme-wrapper theme-product-slider bg-off-white\" id=\"project-slider\">\n    <div class=\"theme-product-slider__container\">\n        <div class=\"row\">\n            <div class=\"col-12\">\n                <div class=\"theme-product-slider-wrapper\">\n                    <h2>Cat\u00e9gories de produits<\/h2>\n                    <div class=\"theme-highlighted-products-wrapper-controls\">\n\n                        <div class=\"theme-product-slider-back theme-button\">\n                            <div class=\"theme-product-slider-back-text\"><\/div>\n                            <i class=\"fa-sharp fa-regular fa-arrow-left-from-line\"><\/i>\n                        <\/div>\n\n                        <div class=\"theme-product-slider-next theme-button\">\n                            <div class=\"theme-product-slider-next-text\">swipe<\/div>\n                            <i class=\"fa-sharp fa-regular fa-arrow-right-from-line\"><\/i>\n                        <\/div>\n                    <\/div>\n                <\/div>\n            <\/div>\n            <div class=\"col-12\">\n                                    <div class=\"theme-product-slider__carousel\">\n                                                    <a href=\"https:\/\/ferosfurniture.com\/fr\/assortiment-set\/chaises\/\" class=\"theme-product-slider__carousel-card\">\n                                <div class=\"theme-product-slider__carousel-card-image\">\n                                    <img decoding=\"async\" src=\"https:\/\/ferosfurniture.com\/fr\/wp-content\/uploads\/sites\/4\/2025\/11\/151536_fortis_chair_dark_grey_1-scaled.jpg\" alt=\"Chaises Image\">\n                                <\/div>\n                                <div class=\"theme-product-slider__carousel-card-title\">\n                                    Chaises                                <\/div>\n                            <\/a>\n                                                    <a href=\"https:\/\/ferosfurniture.com\/fr\/assortiment-set\/tabourets\/\" class=\"theme-product-slider__carousel-card\">\n                                <div class=\"theme-product-slider__carousel-card-image\">\n                                    <img decoding=\"async\" src=\"https:\/\/ferosfurniture.com\/fr\/wp-content\/uploads\/sites\/4\/2024\/09\/53101-mundo-barchair-cognac-1_hr.webp\" alt=\"Tabourets Image\">\n                                <\/div>\n                                <div class=\"theme-product-slider__carousel-card-title\">\n                                    Tabourets                                <\/div>\n                            <\/a>\n                                                    <a href=\"https:\/\/ferosfurniture.com\/fr\/assortiment-set\/tables\/\" class=\"theme-product-slider__carousel-card\">\n                                <div class=\"theme-product-slider__carousel-card-image\">\n                                    <img decoding=\"async\" src=\"https:\/\/ferosfurniture.com\/fr\/wp-content\/uploads\/sites\/4\/2025\/02\/140031570_infinity_tripod_bistro_sand-galamarble_1.webp\" alt=\"Tables Image\">\n                                <\/div>\n                                <div class=\"theme-product-slider__carousel-card-title\">\n                                    Tables                                <\/div>\n                            <\/a>\n                                                    <a href=\"https:\/\/ferosfurniture.com\/fr\/assortiment-set\/tables-de-travail\/\" class=\"theme-product-slider__carousel-card\">\n                                <div class=\"theme-product-slider__carousel-card-image\">\n                                    <img decoding=\"async\" src=\"https:\/\/ferosfurniture.com\/fr\/wp-content\/uploads\/sites\/4\/2024\/09\/1_solid200_stainless_steel_table_23100_shadow_hr.webp\" alt=\"Tables de travail Image\">\n                                <\/div>\n                                <div class=\"theme-product-slider__carousel-card-title\">\n                                    Tables de travail                                <\/div>\n                            <\/a>\n                                                    <a href=\"https:\/\/ferosfurniture.com\/fr\/assortiment-set\/sets-de-brasseur\/\" class=\"theme-product-slider__carousel-card\">\n                                <div class=\"theme-product-slider__carousel-card-image\">\n                                    <img decoding=\"async\" src=\"https:\/\/ferosfurniture.com\/fr\/wp-content\/uploads\/sites\/4\/2024\/09\/1_beerset_shadow_hr.webp\" alt=\"Sets de brasseur Image\">\n                                <\/div>\n                                <div class=\"theme-product-slider__carousel-card-title\">\n                                    Sets de brasseur                                <\/div>\n                            <\/a>\n                                                    <a href=\"https:\/\/ferosfurniture.com\/fr\/assortiment-set\/porte-manteaux\/\" class=\"theme-product-slider__carousel-card\">\n                                <div class=\"theme-product-slider__carousel-card-image\">\n                                    <img decoding=\"async\" src=\"https:\/\/ferosfurniture.com\/fr\/wp-content\/uploads\/sites\/4\/2024\/09\/1_coatrack_long_withhooks_c10004_shadow_hr.webp\" alt=\"Porte-manteaux Image\">\n                                <\/div>\n                                <div class=\"theme-product-slider__carousel-card-title\">\n                                    Porte-manteaux                                <\/div>\n                            <\/a>\n                                                    <a href=\"https:\/\/ferosfurniture.com\/fr\/assortiment-set\/stands-de-marche\/\" class=\"theme-product-slider__carousel-card\">\n                                <div class=\"theme-product-slider__carousel-card-image\">\n                                    <img decoding=\"async\" src=\"https:\/\/ferosfurniture.com\/fr\/wp-content\/uploads\/sites\/4\/2024\/09\/1_professional_marketstand_red-white_MSR10205R_shadow_hr.webp\" alt=\"Stands de march\u00e9 Image\">\n                                <\/div>\n                                <div class=\"theme-product-slider__carousel-card-title\">\n                                    Stands de march\u00e9                                <\/div>\n                            <\/a>\n                                                    <a href=\"https:\/\/ferosfurniture.com\/fr\/assortiment-set\/divers\/\" class=\"theme-product-slider__carousel-card\">\n                                <div class=\"theme-product-slider__carousel-card-image\">\n                                    <img decoding=\"async\" src=\"https:\/\/ferosfurniture.com\/fr\/wp-content\/uploads\/sites\/4\/2025\/11\/173592_prisma_table_lamp_sand_1.jpg\" alt=\"Divers Image\">\n                                <\/div>\n                                <div class=\"theme-product-slider__carousel-card-title\">\n                                    Divers                                <\/div>\n                            <\/a>\n                                                    <a href=\"https:\/\/ferosfurniture.com\/fr\/assortiment-set\/chariots\/\" class=\"theme-product-slider__carousel-card\">\n                                <div class=\"theme-product-slider__carousel-card-image\">\n                                    <img decoding=\"async\" src=\"https:\/\/ferosfurniture.com\/fr\/wp-content\/uploads\/sites\/4\/2024\/09\/1_trolley_stackchair_t91600_shadow_hr.webp\" alt=\"Chariots Image\">\n                                <\/div>\n                                <div class=\"theme-product-slider__carousel-card-title\">\n                                    Chariots                                <\/div>\n                            <\/a>\n                                            <\/div>\n                            <\/div>\n        <\/div>\n    <\/div>\n<\/div>\n\n<div class=\"theme-features bg-grey\">\n    <div class=\"container\">\n        <div class=\"row align-items-end\">\n            <div class=\"col-12 col-lg-6\">\n                <div class=\"theme-features-left\">\n                    <h2>\n                        Ontdek stijlvol &amp; uniek meubilair voor horeca en evenementen                    <\/h2>\n                    <div class=\"theme-features-left-titles\">\n                                                                        <div class=\"theme-features-left-titles-title\">\n                                Flexibilit\u00e9                            <\/div>                        \n                                                    <div class=\"theme-features-left-titles-title\">\n                                Innovation                            <\/div>                        \n                                                    <div class=\"theme-features-left-titles-title\">\n                                Facilit\u00e9 d&rsquo;utilisation                            <\/div>                        \n                                                    <div class=\"theme-features-left-titles-title\">\n                                Design \u00e9l\u00e9gant                            <\/div>                        \n                                                    <div class=\"theme-features-left-titles-title\">\n                                Fiabilit\u00e9                            <\/div>                        \n                                                                <\/div>\n                <\/div>\n            <\/div>\n            <div class=\"col-12 col-sm-12 col-lg-6\">\n                <div class=\"theme-features-right\">\n                                         \n                    <div class=\"theme-features-right-card\">\n                        <div class=\"theme-features-right-card-image\">\n                            <img decoding=\"async\" src=\"https:\/\/ferosfurniture.com\/fr\/wp-content\/uploads\/2024\/09\/flexibiliteit-photo-e1727423485293.webp\" alt=\"\">\n                        <\/div>\n                        <div class=\"theme-features-right-card-content\">\n                            <p>Nos meubles sont con\u00e7us dans un souci de multifonctionnalit\u00e9. Adapt\u00e9s pour une utilisation int\u00e9rieure et\/ou ext\u00e9rieure, empilables, pliables et faciles \u00e0 d\u00e9placer \u2013 parfaits pour les secteurs dynamiques de la restauration et de l\u2019\u00e9v\u00e9nementiel.<\/p>\n                        <\/div> \n                    <\/div>\n                     \n                    <div class=\"theme-features-right-card\">\n                        <div class=\"theme-features-right-card-image\">\n                            <img decoding=\"async\" src=\"https:\/\/ferosfurniture.com\/fr\/wp-content\/uploads\/sites\/4\/2024\/09\/50871-mase-barchair-black_2-det.webp\" alt=\"\">\n                        <\/div>\n                        <div class=\"theme-features-right-card-content\">\n                            <p>Nous innovons continuellement pour r\u00e9pondre aux exigences changeantes du secteur de l&rsquo;hospitalit\u00e9. Cela signifie des designs intelligents qui suivent les tendances et r\u00e9pondent au besoin croissant d&rsquo;agencements flexibles.<\/p>\n                        <\/div> \n                    <\/div>\n                     \n                    <div class=\"theme-features-right-card\">\n                        <div class=\"theme-features-right-card-image\">\n                            <img decoding=\"async\" src=\"https:\/\/ferosfurniture.com\/fr\/wp-content\/uploads\/sites\/4\/2024\/09\/1_trolley_stackchair_t91600_shadow_hr.webp\" alt=\"\">\n                        <\/div>\n                        <div class=\"theme-features-right-card-content\">\n                            <p>Pratiques \u00e0 utiliser et \u00e0 entretenir, avec des solutions astucieuses comme des chariots assortis pour un transport facile. Nos meubles sont con\u00e7us pour s&rsquo;adapter sans effort \u00e0 tous les environnements.<\/p>\n                        <\/div> \n                    <\/div>\n                     \n                    <div class=\"theme-features-right-card\">\n                        <div class=\"theme-features-right-card-image\">\n                            <img decoding=\"async\" src=\"https:\/\/ferosfurniture.com\/fr\/wp-content\/uploads\/sites\/4\/2024\/09\/barchairs-header-category.webp\" alt=\"\">\n                        <\/div>\n                        <div class=\"theme-features-right-card-content\">\n                            <p>Nous combinons fonctionnalit\u00e9 et design \u00e9pur\u00e9 et contemporain. Nos meubles contribuent \u00e0 cr\u00e9er une ambiance accueillante et inspirante, quel que soit l&rsquo;endroit.<\/p>\n                        <\/div> \n                    <\/div>\n                     \n                    <div class=\"theme-features-right-card\">\n                        <div class=\"theme-features-right-card-image\">\n                            <img decoding=\"async\" src=\"https:\/\/ferosfurniture.com\/fr\/wp-content\/uploads\/sites\/4\/2024\/09\/9_beertable_detail_hr.webp\" alt=\"\">\n                        <\/div>\n                        <div class=\"theme-features-right-card-content\">\n                            <p>Essentials fournit des produits fiables qui r\u00e9pondent aux exigences \u00e9lev\u00e9es des secteurs de l\u2019am\u00e9nagement professionnel et de l&rsquo;hospitalit\u00e9. La qualit\u00e9 et le service sont au c\u0153ur de nos pr\u00e9occupations, vous pouvez toujours compter sur nous.<\/p>\n                        <\/div> \n                    <\/div>\n                                                        <\/div>\n            <\/div>\n        <\/div>\n    <\/div>\n<\/div>\n\n<div class=\"theme-wrapper theme-promo\">\n    <div class=\"container\">\n        <div class=\"row\">\n\n        <div class=\"col-12\">\n            <div class=\"theme-promo-header\">\n                <h2>Nos groupes de clients<\/h2>\n            <\/div>\n        <\/div>\n\n            <div class=\"theme-promo-wrapper\">\n                \n\n                    <div class=\"theme-promo-card\">\n                        <div class=\"theme-promo-card-image\">\n                            <img decoding=\"async\" src=\"https:\/\/ferosfurniture.com\/fr\/wp-content\/uploads\/2024\/09\/webshops-homepage.webp\" alt=\"afbeelding\">\n                        <\/div>\n                        <div class=\"theme-promo-card-backing\">\n                            <h2 class=\"theme-promo-card-title\">Boutiques en ligne<\/h2>\n                            <div class=\"theme-promo-card-info\">\n                                <p>Magasins en ligne avec focus sur le CHR et l\u2019\u00e9v\u00e8nementiel.<\/p>\n                            <\/div>\n                        <\/div>\n                    <\/div>\n                \n\n                    <div class=\"theme-promo-card\">\n                        <div class=\"theme-promo-card-image\">\n                            <img decoding=\"async\" src=\"https:\/\/ferosfurniture.com\/fr\/wp-content\/uploads\/2024\/09\/projectinrichters-homepage-scaled.webp\" alt=\"afbeelding\">\n                        <\/div>\n                        <div class=\"theme-promo-card-backing\">\n                            <h2 class=\"theme-promo-card-title\">Am\u00e9nageurs de projets<\/h2>\n                            <div class=\"theme-promo-card-info\">\n                                <p>Am\u00e9nageurs professionnels d&rsquo;espaces commerciaux et publics.<\/p>\n                            <\/div>\n                        <\/div>\n                    <\/div>\n                \n\n                    <div class=\"theme-promo-card\">\n                        <div class=\"theme-promo-card-image\">\n                            <img decoding=\"async\" src=\"https:\/\/ferosfurniture.com\/fr\/wp-content\/uploads\/2024\/09\/verhuurbedrijven-homepage.webp\" alt=\"afbeelding\">\n                        <\/div>\n                        <div class=\"theme-promo-card-backing\">\n                            <h2 class=\"theme-promo-card-title\">Soci\u00e9t\u00e9s de location<\/h2>\n                            <div class=\"theme-promo-card-info\">\n                                <p>Loueurs de mobilier pour le CHR et l\u2019\u00e9v\u00e8nementiel.<\/p>\n                            <\/div>\n                        <\/div>\n                    <\/div>\n                            <\/div>\n\n        <\/div>\n    <\/div>\n<\/div>\n\n<div class=\"theme-wrapper theme-showcase\">\n    <div class=\"container\">\n        <div class=\"row\">\n            <div class=\"col-12\">\n                <div class=\"theme-showcase-wrapper\">\n                    <h2>\n                        Un aper\u00e7u de notre gamme                    <\/h2>\n                    \n                    <div class=\"theme-showcase-controls\">\n                        \n                        <a href=\"http:\/\/ferosfurniture.com\/assortiment-set\/stoelen\/\" class=\"theme-showcase-next theme-button\">\n                            GAMME COMPLETE                            <i class=\"fa-sharp fa-regular fa-arrow-right-from-line\"><\/i>\n                        <\/a>\n                    <\/div>\n                <\/div>\n            <\/div>\n\n\n\n            <div class=\"col-12 col-lg-6\">\n                <div class=\"theme-showcase-cards\">\n                    \n                    \n                        <a href=\"\" class=\"theme-showcase__carousel-card\">\n                            <div class=\"theme-product-slider__carousel-card-image\">\n                                <img decoding=\"async\" src=\"\" alt=\"Featured Image\">\n                            <\/div>\n                            <div class=\"theme-product-slider__carousel-card-title\">\n                                                            <\/div>\n                        <\/a>\n                    \n                        <a href=\"https:\/\/ferosfurniture.com\/fr\/assortiment\/breeze-table-de-bistrot-pliable-en-metal-bleu\/\" class=\"theme-showcase__carousel-card\">\n                            <div class=\"theme-product-slider__carousel-card-image\">\n                                <img decoding=\"async\" src=\"https:\/\/ferosfurniture.com\/fr\/wp-content\/uploads\/sites\/4\/2024\/09\/20824-breeze-bistro-table-blue-1.webp\" alt=\"Featured Image\">\n                            <\/div>\n                            <div class=\"theme-product-slider__carousel-card-title\">\n                                Breeze table de bistrot pliable en m\u00e9tal &#8211; Bleu                            <\/div>\n                        <\/a>\n                                    <\/div>\n            <\/div>\n\n            <div class=\"col-12 col-lg-6\">\n                <div class=\"theme-showcase-image\">\n                    <img decoding=\"async\" src=\"https:\/\/ferosfurniture.com\/fr\/wp-content\/uploads\/2024\/09\/5082420824-breeze-bistro-set-blue_2-amb-1-scaled.webp\" alt=\"Big Display\">\n                <\/div>\n            <\/div>\n        <\/div>\n    <\/div>\n<\/div>\n\n<div class=\"theme-top-footer\">\n    <div class=\"container\">\n        <div class=\"row\">\n            <div class=\"col-12\">\n                <div class=\"theme-top-footer-wrapper\">\n                    <h1 class=\"theme-top-footer-wrapper-title\">\n                        <p><strong>Devenir revendeur de Feros ?<\/strong><\/p>\n                    <\/h1>\n                <\/div>\n\n\n                <div class=\"col-12\">\n\n                    <div class=\"theme-top-footer-container\">\n                        <div href=\"\" class=\"theme-top-footer-container-card\">\n                            <div class=\"theme-top-footer-container-card-title\">\n                                <h2>Envoyer un e-mail<\/h2>\n                            <\/div>\n                            <div class=\"theme-top-footer-container-card-wrapper\">\n                                <a href=\"mailto:sales@veba.nl\">\n                                    <h2 class=\"theme-top-footer-container-card-wrapper-text\">sales@veba.nl<\/h2>\n                                <\/a>\n                            <\/div>\n                        <\/div>\n\n                        <div class=\"theme-top-footer-container-card\">\n                            <div class=\"theme-top-footer-container-card-title\">\n                                <h2>Appelez-nous<\/h2>\n                            <\/div>\n                            <div class=\"theme-top-footer-container-card-wrapper\">\n                                <a href=\"tel:0031850435840\">\n                                    <h2 class=\"theme-top-footer-container-card-wrapper-text\">0031 (0)85 043 5840<\/h2>\n                                <\/a>\n                            <\/div>\n                        <\/div>\n                    <\/div>\n                <\/div>\n            <\/div>\n        <\/div>\n    <\/div>\n<\/div>","protected":false},"excerpt":{"rendered":"","protected":false},"author":1,"featured_media":0,"parent":0,"menu_order":0,"comment_status":"closed","ping_status":"closed","template":"","meta":{"_acf_changed":false,"_seopress_robots_primary_cat":"","_seopress_titles_title":"","_seopress_titles_desc":"","_seopress_robots_index":"","_relevanssi_hide_post":"","_relevanssi_hide_content":"","_relevanssi_pin_for_all":"","_relevanssi_pin_keywords":"","_relevanssi_unpin_keywords":"","_relevanssi_related_keywords":"","_relevanssi_related_include_ids":"","_relevanssi_related_exclude_ids":"","_relevanssi_related_no_append":"","_relevanssi_related_not_related":"","_relevanssi_related_posts":"","_relevanssi_noindex_reason":"","footnotes":""},"class_list":["post-1424","page","type-page","status-publish","hentry"],"acf":[],"_links":{"self":[{"href":"https:\/\/ferosfurniture.com\/fr\/wp-json\/wp\/v2\/pages\/1424","targetHints":{"allow":["GET"]}}],"collection":[{"href":"https:\/\/ferosfurniture.com\/fr\/wp-json\/wp\/v2\/pages"}],"about":[{"href":"https:\/\/ferosfurniture.com\/fr\/wp-json\/wp\/v2\/types\/page"}],"author":[{"embeddable":true,"href":"https:\/\/ferosfurniture.com\/fr\/wp-json\/wp\/v2\/users\/1"}],"replies":[{"embeddable":true,"href":"https:\/\/ferosfurniture.com\/fr\/wp-json\/wp\/v2\/comments?post=1424"}],"version-history":[{"count":9,"href":"https:\/\/ferosfurniture.com\/fr\/wp-json\/wp\/v2\/pages\/1424\/revisions"}],"predecessor-version":[{"id":2645,"href":"https:\/\/ferosfurniture.com\/fr\/wp-json\/wp\/v2\/pages\/1424\/revisions\/2645"}],"wp:attachment":[{"href":"https:\/\/ferosfurniture.com\/fr\/wp-json\/wp\/v2\/media?parent=1424"}],"curies":[{"name":"wp","href":"https:\/\/api.w.org\/{rel}","templated":true}]}}