{"id":1427,"date":"2024-09-26T09:46:43","date_gmt":"2024-09-26T09:46:43","guid":{"rendered":"http:\/\/ferosfurniture.com\/fr\/?page_id=1427"},"modified":"2024-11-20T12:27:23","modified_gmt":"2024-11-20T12:27:23","slug":"contact","status":"publish","type":"page","link":"https:\/\/ferosfurniture.com\/fr\/contact\/","title":{"rendered":"Contact"},"content":{"rendered":"<div class=\"theme-hero theme-wrapper\">\n    <div class=\"theme-hero-image theme-hero-image-only\"> \n        <img decoding=\"async\" src=\"https:\/\/ferosfurniture.com\/fr\/wp-content\/uploads\/2024\/09\/barchairs-header.webp\" loading=\"lazy\" alt=\"Hero afbeelding\">\n    <\/div>\n    <\/div>\n\n<div class=\"theme-wrapper theme-producten-intro bg-white\">\n    <div class=\"container\">\n        <div class=\"row\">\n            <div class=\"col-12 theme-producten-intro-breadcrumb\">\n                <a href=\"https:\/\/ferosfurniture.com\/fr\">FEROS<\/a>\n                <span>><\/span>\n                <a href=\"https:\/\/ferosfurniture.com\/fr\/contact\/\">Contact<\/a>\n            <\/div>\n            <div class=\"col-12\">\n                <h2 class=\"theme-producten-intro-title\">Contact<\/h2>\n                <div class=\"theme-producten-intro-tekst\"><p>Vous avez des questions ou des remarques ? Notre \u00e9quipe se tient \u00e0 votre disposition. Contactez-nous par mail ou par t\u00e9l\u00e9phone, et nous ferons en sorte de vous r\u00e9pondre dans les plus brefs d\u00e9lais.<\/p>\n<\/div>\n            <\/div>\n        <\/div>\n    <\/div>\n<\/div>\n\n<div class=\"theme-wrapper theme-contact\">\n    <div class=\"container\">\n        <div class=\"row\">\n            <div class=\"col-12 col-xl-5\">\n                <div class=\"theme-contact-card\">\n                    <h2 class=\"theme-contact-card-title\">Coordonn\u00e9es NL<\/h2>\n                    <div class=\"theme-contact-card-info\">\n                        <p><strong>Adresse email<\/strong><br \/>\n<a href=\"mailto:sales@veba.nl\">sales@veba.nl<\/a><br \/>\n<a href=\"mailto:info@veba.nl\">info@veba.nl<\/a><\/p>\n<p><strong>Num\u00e9ro de t\u00e9l\u00e9phone<\/strong><br \/>\n<a id=\"link_text-5-25\" class=\"ct-link-text\" href=\"tel:+31850435840\" target=\"_self\">031 (0)85 043 5840<\/a><\/p>\n                    <\/div>\n                <\/div>\n\n                <div class=\"theme-contact-card\">\n                    <h2 class=\"theme-contact-card-title\">Donn\u00e9es d\u2019adresse NL<\/h2>\n                    <div class=\"theme-contact-card-wrapper\">\n                        <div class=\"theme-contact-card-wrapper-info\">\n                            <p><strong>Visiteurs<\/strong><br \/>\nKruisstraat 23, 5768 RW<br \/>\nMeijel, Pays-Bas<\/p>\n<p>&nbsp;<\/p>\n                        <\/div>\n\n                        <div class=\"theme-contact-card-wrapper-info\">\n                            <p><strong>D\u00e9p\u00f4t<\/strong><br \/>\nTiendschuur 12, 5768 SB<br \/>\nMeijel, Pays-Bas<\/p>\n                        <\/div>\n                    <\/div>\n                <\/div>\n            <\/div>\n\n            <div class=\"col-12 col-xl-7\">\n                <div class=\"theme-contact-form\">\n                    <h2 class=\"theme-contact-form-title\">Compl\u00e9ter le formulaire<\/h2>\n                    <div class='fluentform ff-default fluentform_wrapper_6 ffs_default_wrap'><form data-form_id=\"6\" id=\"fluentform_6\" class=\"frm-fluent-form fluent_form_6 ff-el-form-top ff_form_instance_6_1 ff-form-loading ffs_default\" data-form_instance=\"ff_form_instance_6_1\" method=\"POST\" ><fieldset  style=\"border: none!important;margin: 0!important;padding: 0!important;background-color: transparent!important;box-shadow: none!important;outline: none!important; min-inline-size: 100%;\">\n                    <legend class=\"ff_screen_reader_title\" style=\"display: block; margin: 0!important;padding: 0!important;height: 0!important;text-indent: -999999px;width: 0!important;overflow:hidden;\">Contact Form (#6)<\/legend>        <div\n                style=\"display: none!important; position: absolute!important; transform: translateX(1000%)!important;\"\n                class=\"ff-el-group ff-hpsf-container\"\n        >\n            <div class=\"ff-el-input--label asterisk-right\">\n                <label for=\"ff_6_item_sf\" aria-label=\"Subscribe\">\n                    Subscribe                <\/label>\n            <\/div>\n            <div class=\"ff-el-input--content\">\n                <input type=\"text\"\n                       name=\"item_6__fluent_sf\"\n                       class=\"ff-el-form-control\"\n                       id=\"ff_6_item_sf\"\n                \/>\n            <\/div>\n        <\/div>\n                <input type=\"hidden\" id=\"__fluent_protection_token_6\" class=\"fluent-form-token-field\" name=\"__fluent_protection_token_6\">\n        <input type='hidden' name='__fluent_form_embded_post_id' value='1427' \/><input type=\"hidden\" id=\"_fluentform_6_fluentformnonce\" name=\"_fluentform_6_fluentformnonce\" value=\"64c85e5b85\" \/><input type=\"hidden\" name=\"_wp_http_referer\" value=\"\/fr\/wp-json\/wp\/v2\/pages\/1427\" \/><div data-type=\"name-element\" data-name=\"names\" class=\" ff-field_container ff-name-field-wrapper\" ><div class='ff-t-container'><div class='ff-t-cell '><div class='ff-el-group'><div class=\"ff-el-input--label ff-el-is-required asterisk-right\"><label for='ff_6_names_first_name_' id='label_ff_6_names_first_name_' >Pr\u00e9nom<\/label><\/div><div class='ff-el-input--content'><input type=\"text\" name=\"names[first_name]\" id=\"ff_6_names_first_name_\" class=\"ff-el-form-control\" aria-invalid=\"false\" aria-required=true><\/div><\/div><\/div><div class='ff-t-cell '><div class='ff-el-group'><div class=\"ff-el-input--label ff-el-is-required asterisk-right\"><label for='ff_6_names_last_name_' id='label_ff_6_names_last_name_' >Nom<\/label><\/div><div class='ff-el-input--content'><input type=\"text\" name=\"names[last_name]\" id=\"ff_6_names_last_name_\" class=\"ff-el-form-control\" aria-invalid=\"false\" aria-required=true><\/div><\/div><\/div><\/div><\/div><div class='ff-el-group'><div class=\"ff-el-input--label asterisk-right\"><label for='ff_6_bedrijfnaam' id='label_ff_6_bedrijfnaam' aria-label=\"Nom de la soci\u00e9t\u00e9\">Nom de la soci\u00e9t\u00e9<\/label><\/div><div class='ff-el-input--content'><input type=\"text\" name=\"bedrijfnaam\" class=\"ff-el-form-control\" data-name=\"bedrijfnaam\" id=\"ff_6_bedrijfnaam\"  aria-invalid=\"false\" aria-required=false><\/div><\/div><div data-name=\"ff_cn_id_1\"  class='ff-t-container ff-column-container ff_columns_total_2 '><div class='ff-t-cell ff-t-column-1' style='flex-basis: 50%;'><div class='ff-el-group'><div class=\"ff-el-input--label ff-el-is-required asterisk-right\"><label for='ff_6_email' id='label_ff_6_email' aria-label=\"Adresse e-mail\">Adresse e-mail<\/label><\/div><div class='ff-el-input--content'><input type=\"email\" name=\"email\" id=\"ff_6_email\" class=\"ff-el-form-control\" data-name=\"email\"  aria-invalid=\"false\" aria-required=true><\/div><\/div><\/div><div class='ff-t-cell ff-t-column-2' style='flex-basis: 50%;'><div class='ff-el-group'><div class=\"ff-el-input--label ff-el-is-required asterisk-right\"><label for='ff_6_telefoonnummer' id='label_ff_6_telefoonnummer' aria-label=\"Num\u00e9ro de t\u00e9l\u00e9phone\">Num\u00e9ro de t\u00e9l\u00e9phone<\/label><\/div><div class='ff-el-input--content'><input type=\"number\" name=\"telefoonnummer\" id=\"ff_6_telefoonnummer\" class=\"ff-el-form-control\" data-name=\"telefoonnummer\" inputmode=\"numeric\" step=\"any\"  aria-invalid=\"false\" aria-required=true><\/div><\/div><\/div><\/div><div class='ff-el-group'><div class=\"ff-el-input--label ff-el-is-required asterisk-right\"><label for='ff_6_message' id='label_ff_6_message' aria-label=\"Message\">Message<\/label><\/div><div class='ff-el-input--content'><textarea aria-required=\"true\" aria-labelledby=\"label_ff_6_message\" name=\"message\" id=\"ff_6_message\" class=\"ff-el-form-control\" rows=\"6\" cols=\"2\" data-name=\"message\" ><\/textarea><\/div><\/div><div class='ff-el-group    ff-el-input--content'><div class='ff-el-form-check ff-el-tc'><label aria-label='Terms and Conditions: J&#039;ai lu et j&#039;accepte la politique de confidentialit\u00e9.\n\u00a0 Contains 1 link. Use tab navigation to review.' class='ff-el-form-check-label ff_tc_label' for=terms-n-condition_be9d6eabd82f3b83405ba566c5c89e1e><span class='ff_tc_checkbox'><input type=\"checkbox\" name=\"terms-n-condition\" class=\"ff-el-form-check-input\" data-name=\"terms-n-condition\" id=\"terms-n-condition_be9d6eabd82f3b83405ba566c5c89e1e\"  value='on' aria-invalid='false' aria-required=true><\/span> <div class='ff_t_c'><p>J&rsquo;ai lu et j&rsquo;accepte <a href=\"http:\/\/ferosfurniture.com\/fr\/wp-admin\/admin.php?page=fluent_forms&amp;route=editor&amp;form_id=6#\">la politique de confidentialit\u00e9<\/a>.<\/p>\n<div class=\"notranslate\">\u00a0<\/div><\/div><\/label><\/div><\/div><div class='ff-el-group ff-text-left theme-button ff_submit_btn_wrapper'><button type=\"submit\" class=\"ff-btn ff-btn-submit ff-btn-md ff_btn_no_style\"  aria-label=\"MESSAGE DE LIVRAISON\">MESSAGE DE LIVRAISON<\/button><\/div><\/fieldset><\/form><div id='fluentform_6_errors' class='ff-errors-in-stack ff_form_instance_6_1 ff-form-loading_errors ff_form_instance_6_1_errors'><\/div><\/div>            <script type=\"text\/javascript\">\n                window.fluent_form_ff_form_instance_6_1 = {\"id\":\"6\",\"ajaxUrl\":\"https:\\\/\\\/ferosfurniture.com\\\/fr\\\/wp-admin\\\/admin-ajax.php\",\"settings\":{\"layout\":{\"labelPlacement\":\"top\",\"helpMessagePlacement\":\"with_label\",\"errorMessagePlacement\":\"inline\",\"cssClassName\":\"\",\"asteriskPlacement\":\"asterisk-right\"},\"restrictions\":{\"denyEmptySubmission\":{\"enabled\":false}}},\"form_instance\":\"ff_form_instance_6_1\",\"form_id_selector\":\"fluentform_6\",\"rules\":{\"names[first_name]\":{\"required\":{\"value\":true,\"message\":\"This field is required\",\"global\":false,\"global_message\":\"Ce champ est obligatoire\"}},\"names[middle_name]\":{\"required\":{\"value\":false,\"message\":\"This field is required\",\"global\":false,\"global_message\":\"Ce champ est obligatoire\"}},\"names[last_name]\":{\"required\":{\"value\":true,\"message\":\"This field is required\",\"global\":false,\"global_message\":\"Ce champ est obligatoire\"}},\"bedrijfnaam\":{\"required\":{\"value\":false,\"message\":\"Ce champ est obligatoire\",\"global_message\":\"Ce champ est obligatoire\",\"global\":true}},\"email\":{\"required\":{\"value\":true,\"message\":\"Ce champ est obligatoire\",\"global_message\":\"Ce champ est obligatoire\",\"global\":true},\"email\":{\"value\":true,\"message\":\"Ce champ doit contenir un e-mail valide\",\"global_message\":\"Ce champ doit contenir un e-mail valide\",\"global\":true}},\"telefoonnummer\":{\"required\":{\"value\":true,\"message\":\"Ce champ est obligatoire\",\"global_message\":\"Ce champ est obligatoire\",\"global\":true},\"numeric\":{\"value\":true,\"message\":\"Ce champ doit contenir une valeur num\\u00e9rique\",\"global_message\":\"Ce champ doit contenir une valeur num\\u00e9rique\",\"global\":true},\"min\":{\"value\":\"\",\"message\":\"\\u00c9chec de la validation pour la valeur minimale\",\"global_message\":\"\\u00c9chec de la validation pour la valeur minimale\",\"global\":true},\"max\":{\"value\":\"\",\"message\":\"\\u00c9chec de la validation pour la valeur maximale\",\"global_message\":\"\\u00c9chec de la validation pour la valeur maximale\",\"global\":true},\"digits\":{\"value\":\"\",\"message\":\"La validation \\u00e9choue pour un nombre limit\\u00e9 de chiffres\",\"global_message\":\"La validation \\u00e9choue pour un nombre limit\\u00e9 de chiffres\",\"global\":true}},\"message\":{\"required\":{\"value\":true,\"message\":\"This field is required\",\"global\":false,\"global_message\":\"Ce champ est obligatoire\"}},\"terms-n-condition\":{\"required\":{\"value\":true,\"message\":\"Ce champ est obligatoire\",\"global_message\":\"Ce champ est obligatoire\",\"global\":true}}},\"debounce_time\":300};\n                            <\/script>\n                            <\/div>\n\n            <\/div>\n        <\/div>\n    <\/div>\n<\/div>\n\n<div class=\"theme-top-footer\">\n    <div class=\"container\">\n        <div class=\"row\">\n            <div class=\"col-12\">\n                <div class=\"theme-top-footer-wrapper\">\n                    <h1 class=\"theme-top-footer-wrapper-title\">\n                        <p><strong>Devenir revendeur de Feros ?<\/strong><\/p>\n                    <\/h1>\n                <\/div>\n\n\n                <div class=\"col-12\">\n\n                    <div class=\"theme-top-footer-container\">\n                        <div href=\"\" class=\"theme-top-footer-container-card\">\n                            <div class=\"theme-top-footer-container-card-title\">\n                                <h2>Envoyer un e-mail<\/h2>\n                            <\/div>\n                            <div class=\"theme-top-footer-container-card-wrapper\">\n                                <a href=\"mailto:sales@veba.nl\">\n                                    <h2 class=\"theme-top-footer-container-card-wrapper-text\">sales@veba.nl<\/h2>\n                                <\/a>\n                            <\/div>\n                        <\/div>\n\n                        <div class=\"theme-top-footer-container-card\">\n                            <div class=\"theme-top-footer-container-card-title\">\n                                <h2>Appelez-nous<\/h2>\n                            <\/div>\n                            <div class=\"theme-top-footer-container-card-wrapper\">\n                                <a href=\"tel:0031850435840\">\n                                    <h2 class=\"theme-top-footer-container-card-wrapper-text\">0031 (0)85 043 5840<\/h2>\n                                <\/a>\n                            <\/div>\n                        <\/div>\n                    <\/div>\n                <\/div>\n            <\/div>\n        <\/div>\n    <\/div>\n<\/div>","protected":false},"excerpt":{"rendered":"","protected":false},"author":1,"featured_media":0,"parent":0,"menu_order":0,"comment_status":"closed","ping_status":"closed","template":"","meta":{"_acf_changed":false,"_seopress_robots_primary_cat":"","_seopress_titles_title":"","_seopress_titles_desc":"","_seopress_robots_index":"","_relevanssi_hide_post":"","_relevanssi_hide_content":"","_relevanssi_pin_for_all":"","_relevanssi_pin_keywords":"","_relevanssi_unpin_keywords":"","_relevanssi_related_keywords":"","_relevanssi_related_include_ids":"","_relevanssi_related_exclude_ids":"","_relevanssi_related_no_append":"","_relevanssi_related_not_related":"","_relevanssi_related_posts":"","_relevanssi_noindex_reason":"","footnotes":""},"class_list":["post-1427","page","type-page","status-publish","hentry"],"acf":[],"_links":{"self":[{"href":"https:\/\/ferosfurniture.com\/fr\/wp-json\/wp\/v2\/pages\/1427","targetHints":{"allow":["GET"]}}],"collection":[{"href":"https:\/\/ferosfurniture.com\/fr\/wp-json\/wp\/v2\/pages"}],"about":[{"href":"https:\/\/ferosfurniture.com\/fr\/wp-json\/wp\/v2\/types\/page"}],"author":[{"embeddable":true,"href":"https:\/\/ferosfurniture.com\/fr\/wp-json\/wp\/v2\/users\/1"}],"replies":[{"embeddable":true,"href":"https:\/\/ferosfurniture.com\/fr\/wp-json\/wp\/v2\/comments?post=1427"}],"version-history":[{"count":5,"href":"https:\/\/ferosfurniture.com\/fr\/wp-json\/wp\/v2\/pages\/1427\/revisions"}],"predecessor-version":[{"id":1747,"href":"https:\/\/ferosfurniture.com\/fr\/wp-json\/wp\/v2\/pages\/1427\/revisions\/1747"}],"wp:attachment":[{"href":"https:\/\/ferosfurniture.com\/fr\/wp-json\/wp\/v2\/media?parent=1427"}],"curies":[{"name":"wp","href":"https:\/\/api.w.org\/{rel}","templated":true}]}}