{"id":1436,"date":"2024-09-26T10:00:22","date_gmt":"2024-09-26T10:00:22","guid":{"rendered":"http:\/\/ferosfurniture.com\/fr\/?page_id=1436"},"modified":"2025-04-17T14:02:24","modified_gmt":"2025-04-17T14:02:24","slug":"a-propos-de-nous","status":"publish","type":"page","link":"https:\/\/ferosfurniture.com\/fr\/a-propos-de-nous\/","title":{"rendered":"\u00c0 propos de nous"},"content":{"rendered":"<div class=\"theme-hero theme-wrapper\">\n    <div class=\"theme-hero-image \"> \n        <img decoding=\"async\" src=\"https:\/\/ferosfurniture.com\/fr\/wp-content\/uploads\/2024\/09\/over-ons-header.webp\" loading=\"lazy\" alt=\"Hero afbeelding\">\n    <\/div>\n        <div class=\"container\">\n        <div class=\"row\">\n            <div class=\"col-12 col-lg-7\">\n                <div class=\"theme-hero-content\">\n                    <h1 class=\"theme-hero-content-title\">\n                        \u00c0 propos de nous                    <\/h1>\n                    <div class=\"theme-hero-content-text\">\n                        <p>Chez Feros, nous aspirons \u00e0 devenir le fournisseur de r\u00e9f\u00e9rence de mobilier \u00e9l\u00e9gant et fonctionnel pour les secteurs du CHR et de l\u2019\u00e9v\u00e9nementiel. Lisez la suite pour en savoir plus sur notre histoire, nos valeurs et notre engagement envers la qualit\u00e9 et le service<\/p>\n                    <\/div>\n                                    <\/div>\n            <\/div>\n        <\/div>\n    <\/div>\n    <\/div>\n\n<div class=\"theme-wrapper theme-info-left\">\n    <div class=\"container\">\n        <div class=\"row\">\n\n            <div class=\"theme-info-left-wrapper\">\n                <div class=\"col-12 col-md-6\">\n                    <div class=\"theme-info-left-wrapper-text\">\n                        <h2 class=\"theme-info-left-wrapper-text-title\">Appartient \u00e0 VEBA<\/h2>\n                        <div class=\"theme-info-left-wrapper-text-info\">\n                            <p>Feros est une marque de l&rsquo;entreprise n\u00e9erlandaise VEBA. VEBA est reconnue pour la production, l&rsquo;importation et l&rsquo;exportation de collections de haute qualit\u00e9 pour le CHR, les \u00e9v\u00e9nements et les am\u00e9nagements de jardin et de maison. Avec une pr\u00e9sence mondiale, VEBA fournit via un large r\u00e9seau de revendeurs, notamment des magasins de bricolage, des jardineries, des importateurs, des am\u00e9nageurs de projets et des boutiques en ligne.<\/p>\n                        <\/div>\n                    <\/div>\n                <\/div>\n\n                <div class=\"col-12 col-md-6\">\n                    <div class=\"theme-info-left-image\">\n                        <img decoding=\"async\" src=\"https:\/\/ferosfurniture.com\/fr\/wp-content\/uploads\/2024\/09\/instagram_logo.jpg\" alt=\"Info Image\">\n                    <\/div>\n                <\/div>\n\n            <\/div>\n        <\/div>\n    <\/div>\n<\/div>\n\n\n<div class=\"theme-wrapper theme-info-right\" style=\"margin-top: -240px;\">\n    <div class=\"container\">\n        <div class=\"row\">\n\n            <div class=\"theme-info-right-display\">\n\n                <div class=\"col-12 col-md-6\">\n                    <div class=\"theme-info-right-image\">\n                        <img decoding=\"async\" src=\"https:\/\/ferosfurniture.com\/fr\/wp-content\/uploads\/2024\/09\/snelle-distributie-essentials.webp\" alt=\"Info Image\">\n                    <\/div>\n                <\/div>\n\n                <div class=\"col-12 col-md-6\"> \n                    <div class=\"theme-info-right-display-text\">\n                        <h2 class=\"theme-info-right-display-text-title\">Livraison efficace et fiable<\/h2>\n                        <div class=\"theme-info-right-display-text-info\">\n                            <p>Feros garantit des livraisons rapides et fiables gr\u00e2ce \u00e0 nos entrep\u00f4ts strat\u00e9giquement situ\u00e9s \u00e0 travers l&rsquo;Europe. Cela nous permet de traiter les commandes de mani\u00e8re efficace et d&rsquo;assurer que nos clients re\u00e7oivent toujours leurs produits \u00e0 temps, peu importe leur emplacement.<\/p>\n                        <\/div> \n                    <\/div>\n                <\/div>\n            <\/div>\n            \n            <div class=\"col-12\">\n                <div class=\"theme-info-right-motto\">\n                    <h1 class=\"theme-info-right-motto-text\"><p><strong>Quand la convivialit\u00e9 et la fonctionnalit\u00e9 ne font qu\u2019un\u00a0!<\/strong><\/p>\n<\/h1>\n                <\/div>\n            <\/div>\n        <\/div>\n    <\/div>\n<\/div>\n\n\n<div class=\"theme-wrapper theme-info-right\" style=\"\">\n    <div class=\"container\">\n        <div class=\"row\">\n\n            <div class=\"theme-info-right-display\">\n\n                <div class=\"col-12 col-md-6\">\n                    <div class=\"theme-info-right-image\">\n                        <img decoding=\"async\" src=\"https:\/\/ferosfurniture.com\/fr\/wp-content\/uploads\/2024\/09\/interne-productontwikkeling-essentials.webp\" alt=\"Info Image\">\n                    <\/div>\n                <\/div>\n\n                <div class=\"col-12 col-md-6\"> \n                    <div class=\"theme-info-right-display-text\">\n                        <h2 class=\"theme-info-right-display-text-title\">D\u00e9veloppement interne de produits<\/h2>\n                        <div class=\"theme-info-right-display-text-info\">\n                            <p>Chez Feros, nous allions fonctionnalit\u00e9 et style pour cr\u00e9er des designs raffin\u00e9s. Chaque meuble est d\u00e9velopp\u00e9 avec une attention particuli\u00e8re aux d\u00e9tails pour cr\u00e9er une ambiance moderne et conviviale. En utilisant des mat\u00e9riaux de haute qualit\u00e9 et en concevant avec soin, nous offrons des produits fiables qui durent dans le temps et sont polyvalents.<\/p>\n                        <\/div> \n                    <\/div>\n                <\/div>\n            <\/div>\n            \n            <div class=\"col-12\">\n                <div class=\"theme-info-right-motto\">\n                    <h1 class=\"theme-info-right-motto-text\"><\/h1>\n                <\/div>\n            <\/div>\n        <\/div>\n    <\/div>\n<\/div>\n\n\n<div class=\"theme-wrapper theme-info-left\">\n    <div class=\"container\">\n        <div class=\"row\">\n\n            <div class=\"theme-info-left-wrapper\">\n                <div class=\"col-12 col-md-6\">\n                    <div class=\"theme-info-left-wrapper-text\">\n                        <h2 class=\"theme-info-left-wrapper-text-title\">Options de livraison flexibles<\/h2>\n                        <div class=\"theme-info-left-wrapper-text-info\">\n                            <p>Feros propose des m\u00e9thodes de livraison flexibles pour r\u00e9pondre aux besoins de nos clients. Que ce soit pour des livraisons par colis, palettes ou conteneurs complets, nous nous assurons que votre commande est exp\u00e9di\u00e9e en toute s\u00e9curit\u00e9 et efficacement, quelle que soit son volume.<\/p>\n                        <\/div>\n                    <\/div>\n                <\/div>\n\n                <div class=\"col-12 col-md-6\">\n                    <div class=\"theme-info-left-image\">\n                        <img decoding=\"async\" src=\"https:\/\/ferosfurniture.com\/fr\/wp-content\/uploads\/2024\/09\/Distributie-Shipping-as-per-piece-scaled.webp\" alt=\"Info Image\">\n                    <\/div>\n                <\/div>\n\n            <\/div>\n        <\/div>\n    <\/div>\n<\/div>\n\n\n<div class=\"theme-top-footer\">\n    <div class=\"container\">\n        <div class=\"row\">\n            <div class=\"col-12\">\n                <div class=\"theme-top-footer-wrapper\">\n                    <h1 class=\"theme-top-footer-wrapper-title\">\n                        <p><strong>Devenir revendeur de Feros ?<\/strong><\/p>\n                    <\/h1>\n                <\/div>\n\n\n                <div class=\"col-12\">\n\n                    <div class=\"theme-top-footer-container\">\n                        <div href=\"\" class=\"theme-top-footer-container-card\">\n                            <div class=\"theme-top-footer-container-card-title\">\n                                <h2>Envoyer un e-mail<\/h2>\n                            <\/div>\n                            <div class=\"theme-top-footer-container-card-wrapper\">\n                                <a href=\"mailto:sales@veba.nl\">\n                                    <h2 class=\"theme-top-footer-container-card-wrapper-text\">sales@veba.nl<\/h2>\n                                <\/a>\n                            <\/div>\n                        <\/div>\n\n                        <div class=\"theme-top-footer-container-card\">\n                            <div class=\"theme-top-footer-container-card-title\">\n                                <h2>Appelez-nous<\/h2>\n                            <\/div>\n                            <div class=\"theme-top-footer-container-card-wrapper\">\n                                <a href=\"tel:0031850435840\">\n                                    <h2 class=\"theme-top-footer-container-card-wrapper-text\">0031 (0)85 043 5840<\/h2>\n                                <\/a>\n                            <\/div>\n                        <\/div>\n                    <\/div>\n                <\/div>\n            <\/div>\n        <\/div>\n    <\/div>\n<\/div>","protected":false},"excerpt":{"rendered":"","protected":false},"author":1,"featured_media":0,"parent":0,"menu_order":0,"comment_status":"closed","ping_status":"closed","template":"","meta":{"_acf_changed":false,"_seopress_robots_primary_cat":"","_seopress_titles_title":"","_seopress_titles_desc":"","_seopress_robots_index":"","_relevanssi_hide_post":"","_relevanssi_hide_content":"","_relevanssi_pin_for_all":"","_relevanssi_pin_keywords":"","_relevanssi_unpin_keywords":"","_relevanssi_related_keywords":"","_relevanssi_related_include_ids":"","_relevanssi_related_exclude_ids":"","_relevanssi_related_no_append":"","_relevanssi_related_not_related":"","_relevanssi_related_posts":"","_relevanssi_noindex_reason":"","footnotes":""},"class_list":["post-1436","page","type-page","status-publish","hentry"],"acf":[],"_links":{"self":[{"href":"https:\/\/ferosfurniture.com\/fr\/wp-json\/wp\/v2\/pages\/1436","targetHints":{"allow":["GET"]}}],"collection":[{"href":"https:\/\/ferosfurniture.com\/fr\/wp-json\/wp\/v2\/pages"}],"about":[{"href":"https:\/\/ferosfurniture.com\/fr\/wp-json\/wp\/v2\/types\/page"}],"author":[{"embeddable":true,"href":"https:\/\/ferosfurniture.com\/fr\/wp-json\/wp\/v2\/users\/1"}],"replies":[{"embeddable":true,"href":"https:\/\/ferosfurniture.com\/fr\/wp-json\/wp\/v2\/comments?post=1436"}],"version-history":[{"count":6,"href":"https:\/\/ferosfurniture.com\/fr\/wp-json\/wp\/v2\/pages\/1436\/revisions"}],"predecessor-version":[{"id":2145,"href":"https:\/\/ferosfurniture.com\/fr\/wp-json\/wp\/v2\/pages\/1436\/revisions\/2145"}],"wp:attachment":[{"href":"https:\/\/ferosfurniture.com\/fr\/wp-json\/wp\/v2\/media?parent=1436"}],"curies":[{"name":"wp","href":"https:\/\/api.w.org\/{rel}","templated":true}]}}