{"id":1439,"date":"2024-09-26T10:34:03","date_gmt":"2024-09-26T10:34:03","guid":{"rendered":"http:\/\/ferosfurniture.com\/fr\/?page_id=1439"},"modified":"2025-04-17T13:57:03","modified_gmt":"2025-04-17T13:57:03","slug":"produits","status":"publish","type":"page","link":"https:\/\/ferosfurniture.com\/fr\/produits\/","title":{"rendered":"Produits"},"content":{"rendered":"<div class=\"theme-hero theme-wrapper\">\n    <div class=\"theme-hero-image theme-hero-image-only\"> \n        <img decoding=\"async\" src=\"https:\/\/ferosfurniture.com\/fr\/wp-content\/uploads\/2024\/08\/louis-mundo-chairs-atmosphere_web.webp\" loading=\"lazy\" alt=\"Hero afbeelding\">\n    <\/div>\n    <\/div>\n\n<div class=\"theme-wrapper theme-producten-intro bg-white\">\n    <div class=\"container\">\n        <div class=\"row\">\n            <div class=\"col-12 theme-producten-intro-breadcrumb\">\n                <a href=\"https:\/\/ferosfurniture.com\/fr\">FEROS<\/a>\n                <span>><\/span>\n                <a href=\"https:\/\/ferosfurniture.com\/fr\/produits\/\">Produits<\/a>\n            <\/div>\n            <div class=\"col-12\">\n                <h2 class=\"theme-producten-intro-title\">D\u00e9couvrez notre gamme polyvalente et unique<\/h2>\n                <div class=\"theme-producten-intro-tekst\"><p>Chez Feros, nous proposons une collection de meubles soigneusement s\u00e9lectionn\u00e9e pour les secteurs du CHR et de l\u2019\u00e9v\u00e9nementiel. Beaucoup de nos produits sont empilables ou pliables, ce qui les rend faciles \u00e0 transporter et \u00e0 ranger. Que vous recherchiez des meubles fonctionnels pour un \u00e9v\u00e9nement ou des meubles chaleureux pour am\u00e9nager un restaurant, Feros offre des solutions uniques qui s&rsquo;adaptent \u00e0 chaque espace et \u00e0 chaque occasion.<\/p>\n<\/div>\n            <\/div>\n        <\/div>\n    <\/div>\n<\/div>\n\n\n\n<div class=\"theme-wrapper theme-product-cat-archive\">\n    <div class=\"container\">\n        <div class=\"row\">\n            <div class=\"col-12 theme-product-cat-archive-searchcontainer\">\n                <div class=\"theme-product-cat-archive-searchcontainer-searchall\">\n                    <form role=\"search\" method=\"get\" class=\"theme-header-wrapper-search-form\" action=\"https:\/\/ferosfurniture.com\/fr\/\">\n    <button type=\"submit\" class=\"theme-header-content-right-search-icon\"><img decoding=\"async\" src=\"https:\/\/ferosfurniture.com\/fr\/wp-content\/themes\/loeihard-theme\/assets\/img\/search-icon.svg\" alt=\"Zoek icon\"><\/button>\n    <input type=\"search\" class=\"theme-header-wrapper-search-form-input\" placeholder=\"Recherche de produits...\" value=\"\" name=\"s\" title=\"Rechercher\u00a0:\" \/>\n<\/form>                <\/div>\n            <\/div>\n                            <div class=\"col-xl-3 col-12\">\n                    <a href=\"https:\/\/ferosfurniture.com\/fr\/assortiment-set\/chaises\/\" class=\"theme-product-cat-archive-card\">\n                        <div class=\"theme-product-cat-archive-card-image\">\n                            <img decoding=\"async\" id=\"tekeningfoto\" src=\"https:\/\/ferosfurniture.com\/fr\/wp-content\/uploads\/sites\/4\/2024\/09\/category-chairs.png.png\" alt=\"Tekening\">\n                            <img decoding=\"async\" id=\"sfeerfoto\" src=\"https:\/\/ferosfurniture.com\/fr\/wp-content\/uploads\/sites\/4\/2024\/09\/chairs-cat-header.webp\" alt=\"Sfeer\">\n                        <\/div>\n                        <div class=\"theme-product-cat-archive-card-wrapper\">\n                            <h2 class=\"theme-product-cat-archive-card-wrapper-title\">Chaises<\/h2>\n                        <\/div>\n                    <\/a>\n                <\/div>\n                            <div class=\"col-xl-3 col-12\">\n                    <a href=\"https:\/\/ferosfurniture.com\/fr\/assortiment-set\/tabourets\/\" class=\"theme-product-cat-archive-card\">\n                        <div class=\"theme-product-cat-archive-card-image\">\n                            <img decoding=\"async\" id=\"tekeningfoto\" src=\"https:\/\/ferosfurniture.com\/fr\/wp-content\/uploads\/sites\/4\/2024\/09\/category-barchairs-300.svg\" alt=\"Tekening\">\n                            <img decoding=\"async\" id=\"sfeerfoto\" src=\"https:\/\/ferosfurniture.com\/fr\/wp-content\/uploads\/sites\/4\/2024\/09\/barchairs-header-category.webp\" alt=\"Sfeer\">\n                        <\/div>\n                        <div class=\"theme-product-cat-archive-card-wrapper\">\n                            <h2 class=\"theme-product-cat-archive-card-wrapper-title\">Tabourets<\/h2>\n                        <\/div>\n                    <\/a>\n                <\/div>\n                            <div class=\"col-xl-3 col-12\">\n                    <a href=\"https:\/\/ferosfurniture.com\/fr\/assortiment-set\/tables\/\" class=\"theme-product-cat-archive-card\">\n                        <div class=\"theme-product-cat-archive-card-image\">\n                            <img decoding=\"async\" id=\"tekeningfoto\" src=\"https:\/\/ferosfurniture.com\/fr\/wp-content\/uploads\/sites\/4\/2024\/09\/category-tables.png.png\" alt=\"Tekening\">\n                            <img decoding=\"async\" id=\"sfeerfoto\" src=\"https:\/\/ferosfurniture.com\/fr\/wp-content\/uploads\/sites\/4\/2024\/09\/tables-cat-header.webp\" alt=\"Sfeer\">\n                        <\/div>\n                        <div class=\"theme-product-cat-archive-card-wrapper\">\n                            <h2 class=\"theme-product-cat-archive-card-wrapper-title\">Tables<\/h2>\n                        <\/div>\n                    <\/a>\n                <\/div>\n                            <div class=\"col-xl-3 col-12\">\n                    <a href=\"https:\/\/ferosfurniture.com\/fr\/assortiment-set\/tables-de-travail\/\" class=\"theme-product-cat-archive-card\">\n                        <div class=\"theme-product-cat-archive-card-image\">\n                            <img decoding=\"async\" id=\"tekeningfoto\" src=\"https:\/\/ferosfurniture.com\/fr\/wp-content\/uploads\/sites\/4\/2025\/11\/working-tables-2.png\" alt=\"Tekening\">\n                            <img decoding=\"async\" id=\"sfeerfoto\" src=\"https:\/\/ferosfurniture.com\/fr\/wp-content\/uploads\/sites\/4\/2025\/11\/workingtable-atmosphere-13.jpg\" alt=\"Sfeer\">\n                        <\/div>\n                        <div class=\"theme-product-cat-archive-card-wrapper\">\n                            <h2 class=\"theme-product-cat-archive-card-wrapper-title\">Tables de travail<\/h2>\n                        <\/div>\n                    <\/a>\n                <\/div>\n                            <div class=\"col-xl-3 col-12\">\n                    <a href=\"https:\/\/ferosfurniture.com\/fr\/assortiment-set\/sets-de-brasseur\/\" class=\"theme-product-cat-archive-card\">\n                        <div class=\"theme-product-cat-archive-card-image\">\n                            <img decoding=\"async\" id=\"tekeningfoto\" src=\"https:\/\/ferosfurniture.com\/fr\/wp-content\/uploads\/sites\/4\/2024\/09\/category-beersets.png.png\" alt=\"Tekening\">\n                            <img decoding=\"async\" id=\"sfeerfoto\" src=\"https:\/\/ferosfurniture.com\/fr\/wp-content\/uploads\/sites\/4\/2024\/09\/beersets-category-header-1.webp\" alt=\"Sfeer\">\n                        <\/div>\n                        <div class=\"theme-product-cat-archive-card-wrapper\">\n                            <h2 class=\"theme-product-cat-archive-card-wrapper-title\">Sets de brasseur<\/h2>\n                        <\/div>\n                    <\/a>\n                <\/div>\n                            <div class=\"col-xl-3 col-12\">\n                    <a href=\"https:\/\/ferosfurniture.com\/fr\/assortiment-set\/porte-manteaux\/\" class=\"theme-product-cat-archive-card\">\n                        <div class=\"theme-product-cat-archive-card-image\">\n                            <img decoding=\"async\" id=\"tekeningfoto\" src=\"https:\/\/ferosfurniture.com\/fr\/wp-content\/uploads\/sites\/4\/2024\/09\/category-coatracks.png.png\" alt=\"Tekening\">\n                            <img decoding=\"async\" id=\"sfeerfoto\" src=\"https:\/\/ferosfurniture.com\/fr\/wp-content\/uploads\/sites\/4\/2024\/09\/coatracks-cat-header.webp\" alt=\"Sfeer\">\n                        <\/div>\n                        <div class=\"theme-product-cat-archive-card-wrapper\">\n                            <h2 class=\"theme-product-cat-archive-card-wrapper-title\">Porte-manteaux<\/h2>\n                        <\/div>\n                    <\/a>\n                <\/div>\n                            <div class=\"col-xl-3 col-12\">\n                    <a href=\"https:\/\/ferosfurniture.com\/fr\/assortiment-set\/stands-de-marche\/\" class=\"theme-product-cat-archive-card\">\n                        <div class=\"theme-product-cat-archive-card-image\">\n                            <img decoding=\"async\" id=\"tekeningfoto\" src=\"https:\/\/ferosfurniture.com\/fr\/wp-content\/uploads\/sites\/4\/2024\/09\/category-marketstands.png.png\" alt=\"Tekening\">\n                            <img decoding=\"async\" id=\"sfeerfoto\" src=\"https:\/\/ferosfurniture.com\/fr\/wp-content\/uploads\/sites\/4\/2024\/09\/market-stands-cat-header.webp\" alt=\"Sfeer\">\n                        <\/div>\n                        <div class=\"theme-product-cat-archive-card-wrapper\">\n                            <h2 class=\"theme-product-cat-archive-card-wrapper-title\">Stands de march\u00e9<\/h2>\n                        <\/div>\n                    <\/a>\n                <\/div>\n                            <div class=\"col-xl-3 col-12\">\n                    <a href=\"https:\/\/ferosfurniture.com\/fr\/assortiment-set\/divers\/\" class=\"theme-product-cat-archive-card\">\n                        <div class=\"theme-product-cat-archive-card-image\">\n                            <img decoding=\"async\" id=\"tekeningfoto\" src=\"https:\/\/ferosfurniture.com\/fr\/wp-content\/uploads\/sites\/4\/2025\/11\/line-drawing-category-overige.png\" alt=\"Tekening\">\n                            <img decoding=\"async\" id=\"sfeerfoto\" src=\"https:\/\/ferosfurniture.com\/fr\/wp-content\/uploads\/sites\/4\/2025\/11\/line-drawing-category-overige.png\" alt=\"Sfeer\">\n                        <\/div>\n                        <div class=\"theme-product-cat-archive-card-wrapper\">\n                            <h2 class=\"theme-product-cat-archive-card-wrapper-title\">Divers<\/h2>\n                        <\/div>\n                    <\/a>\n                <\/div>\n                            <div class=\"col-xl-3 col-12\">\n                    <a href=\"https:\/\/ferosfurniture.com\/fr\/assortiment-set\/chariots\/\" class=\"theme-product-cat-archive-card\">\n                        <div class=\"theme-product-cat-archive-card-image\">\n                            <img decoding=\"async\" id=\"tekeningfoto\" src=\"https:\/\/ferosfurniture.com\/fr\/wp-content\/uploads\/sites\/4\/2024\/09\/category-trollers_1-png-1.png\" alt=\"Tekening\">\n                            <img decoding=\"async\" id=\"sfeerfoto\" src=\"https:\/\/ferosfurniture.com\/fr\/wp-content\/uploads\/sites\/4\/2024\/09\/trolleys-cat-header.webp\" alt=\"Sfeer\">\n                        <\/div>\n                        <div class=\"theme-product-cat-archive-card-wrapper\">\n                            <h2 class=\"theme-product-cat-archive-card-wrapper-title\">Chariots<\/h2>\n                        <\/div>\n                    <\/a>\n                <\/div>\n                    <\/div>\n    <\/div>\n<\/div>\n\n<div class=\"theme-features bg-grey\">\n    <div class=\"container\">\n        <div class=\"row align-items-end\">\n            <div class=\"col-12 col-lg-6\">\n                <div class=\"theme-features-left\">\n                    <h2>\n                        Stijlvol &amp; unieke stapelbare barkrukken voor thuis en evenementen                    <\/h2>\n                    <div class=\"theme-features-left-titles\">\n                                                                        <div class=\"theme-features-left-titles-title\">\n                                Flexibilit\u00e9                            <\/div>                        \n                                                    <div class=\"theme-features-left-titles-title\">\n                                Innovation                            <\/div>                        \n                                                    <div class=\"theme-features-left-titles-title\">\n                                Facilit\u00e9 d&rsquo;utilisation                            <\/div>                        \n                                                    <div class=\"theme-features-left-titles-title\">\n                                Design \u00e9l\u00e9gant                            <\/div>                        \n                                                    <div class=\"theme-features-left-titles-title\">\n                                Fiabilit\u00e9                            <\/div>                        \n                                                                <\/div>\n                <\/div>\n            <\/div>\n            <div class=\"col-12 col-sm-12 col-lg-6\">\n                <div class=\"theme-features-right\">\n                                         \n                    <div class=\"theme-features-right-card\">\n                        <div class=\"theme-features-right-card-image\">\n                            <img decoding=\"async\" src=\"https:\/\/ferosfurniture.com\/fr\/wp-content\/uploads\/2024\/09\/flexibiliteit-photo-e1727423485293.webp\" alt=\"\">\n                        <\/div>\n                        <div class=\"theme-features-right-card-content\">\n                            <p>Nos meubles sont con\u00e7us dans un souci de multifonctionnalit\u00e9. Adapt\u00e9s pour une utilisation int\u00e9rieure et\/ou ext\u00e9rieure, empilables, pliables et faciles \u00e0 d\u00e9placer \u2013 parfaits pour les secteurs dynamiques de la restauration et de l\u2019\u00e9v\u00e9nementiel.<\/p>\n                        <\/div> \n                    <\/div>\n                     \n                    <div class=\"theme-features-right-card\">\n                        <div class=\"theme-features-right-card-image\">\n                            <img decoding=\"async\" src=\"https:\/\/ferosfurniture.com\/fr\/wp-content\/uploads\/2024\/09\/50871-mase-barchair-black_2-det.webp\" alt=\"\">\n                        <\/div>\n                        <div class=\"theme-features-right-card-content\">\n                            <p>Nous innovons continuellement pour r\u00e9pondre aux exigences changeantes du secteur de l&rsquo;hospitalit\u00e9. Cela signifie des designs intelligents qui suivent les tendances et r\u00e9pondent au besoin croissant d&rsquo;agencements flexibles.<\/p>\n                        <\/div> \n                    <\/div>\n                     \n                    <div class=\"theme-features-right-card\">\n                        <div class=\"theme-features-right-card-image\">\n                            <img decoding=\"async\" src=\"https:\/\/ferosfurniture.com\/fr\/wp-content\/uploads\/2024\/09\/1_trolley_stackchair_t91600_shadow_hr.webp\" alt=\"\">\n                        <\/div>\n                        <div class=\"theme-features-right-card-content\">\n                            <p>Pratiques \u00e0 utiliser et \u00e0 entretenir, avec des solutions astucieuses comme des chariots assortis pour un transport facile. Nos meubles sont con\u00e7us pour s&rsquo;adapter sans effort \u00e0 tous les environnements.<\/p>\n                        <\/div> \n                    <\/div>\n                     \n                    <div class=\"theme-features-right-card\">\n                        <div class=\"theme-features-right-card-image\">\n                            <img decoding=\"async\" src=\"\" alt=\"\">\n                        <\/div>\n                        <div class=\"theme-features-right-card-content\">\n                            <p>Nous combinons fonctionnalit\u00e9 et design \u00e9pur\u00e9 et contemporain. Nos meubles contribuent \u00e0 cr\u00e9er une ambiance accueillante et inspirante, quel que soit l&rsquo;endroit.<\/p>\n                        <\/div> \n                    <\/div>\n                     \n                    <div class=\"theme-features-right-card\">\n                        <div class=\"theme-features-right-card-image\">\n                            <img decoding=\"async\" src=\"https:\/\/ferosfurniture.com\/fr\/wp-content\/uploads\/2024\/09\/9_beertable_detail_hr.webp\" alt=\"\">\n                        <\/div>\n                        <div class=\"theme-features-right-card-content\">\n                            <p>Feros fournit des produits fiables qui r\u00e9pondent aux exigences \u00e9lev\u00e9es des secteurs de l\u2019am\u00e9nagement professionnel et de l&rsquo;hospitalit\u00e9. La qualit\u00e9 et le service sont au c\u0153ur de nos pr\u00e9occupations, vous pouvez toujours compter sur nous.<\/p>\n                        <\/div> \n                    <\/div>\n                                                        <\/div>\n            <\/div>\n        <\/div>\n    <\/div>\n<\/div>\n\n<div class=\"theme-top-footer\">\n    <div class=\"container\">\n        <div class=\"row\">\n            <div class=\"col-12\">\n                <div class=\"theme-top-footer-wrapper\">\n                    <h1 class=\"theme-top-footer-wrapper-title\">\n                        <p><strong>Devenir revendeur de Feros ?<\/strong><\/p>\n                    <\/h1>\n                <\/div>\n\n\n                <div class=\"col-12\">\n\n                    <div class=\"theme-top-footer-container\">\n                        <div href=\"\" class=\"theme-top-footer-container-card\">\n                            <div class=\"theme-top-footer-container-card-title\">\n                                <h2>Envoyer un e-mail<\/h2>\n                            <\/div>\n                            <div class=\"theme-top-footer-container-card-wrapper\">\n                                <a href=\"mailto:sales@veba.nl\">\n                                    <h2 class=\"theme-top-footer-container-card-wrapper-text\">sales@veba.nl<\/h2>\n                                <\/a>\n                            <\/div>\n                        <\/div>\n\n                        <div class=\"theme-top-footer-container-card\">\n                            <div class=\"theme-top-footer-container-card-title\">\n                                <h2>Appelez-nous<\/h2>\n                            <\/div>\n                            <div class=\"theme-top-footer-container-card-wrapper\">\n                                <a href=\"tel:0031850435840\">\n                                    <h2 class=\"theme-top-footer-container-card-wrapper-text\">0031 (0)85 043 5840<\/h2>\n                                <\/a>\n                            <\/div>\n                        <\/div>\n                    <\/div>\n                <\/div>\n            <\/div>\n        <\/div>\n    <\/div>\n<\/div>","protected":false},"excerpt":{"rendered":"","protected":false},"author":1,"featured_media":0,"parent":0,"menu_order":0,"comment_status":"closed","ping_status":"closed","template":"","meta":{"_acf_changed":false,"_seopress_robots_primary_cat":"","_seopress_titles_title":"","_seopress_titles_desc":"","_seopress_robots_index":"","_relevanssi_hide_post":"","_relevanssi_hide_content":"","_relevanssi_pin_for_all":"","_relevanssi_pin_keywords":"","_relevanssi_unpin_keywords":"","_relevanssi_related_keywords":"","_relevanssi_related_include_ids":"","_relevanssi_related_exclude_ids":"","_relevanssi_related_no_append":"","_relevanssi_related_not_related":"","_relevanssi_related_posts":"","_relevanssi_noindex_reason":"","footnotes":""},"class_list":["post-1439","page","type-page","status-publish","hentry"],"acf":[],"_links":{"self":[{"href":"https:\/\/ferosfurniture.com\/fr\/wp-json\/wp\/v2\/pages\/1439","targetHints":{"allow":["GET"]}}],"collection":[{"href":"https:\/\/ferosfurniture.com\/fr\/wp-json\/wp\/v2\/pages"}],"about":[{"href":"https:\/\/ferosfurniture.com\/fr\/wp-json\/wp\/v2\/types\/page"}],"author":[{"embeddable":true,"href":"https:\/\/ferosfurniture.com\/fr\/wp-json\/wp\/v2\/users\/1"}],"replies":[{"embeddable":true,"href":"https:\/\/ferosfurniture.com\/fr\/wp-json\/wp\/v2\/comments?post=1439"}],"version-history":[{"count":5,"href":"https:\/\/ferosfurniture.com\/fr\/wp-json\/wp\/v2\/pages\/1439\/revisions"}],"predecessor-version":[{"id":2142,"href":"https:\/\/ferosfurniture.com\/fr\/wp-json\/wp\/v2\/pages\/1439\/revisions\/2142"}],"wp:attachment":[{"href":"https:\/\/ferosfurniture.com\/fr\/wp-json\/wp\/v2\/media?parent=1439"}],"curies":[{"name":"wp","href":"https:\/\/api.w.org\/{rel}","templated":true}]}}